{"id":161,"date":"2020-09-16T10:26:51","date_gmt":"2020-09-16T07:26:51","guid":{"rendered":"https:\/\/bbb.berdichevski.com\/login\/"},"modified":"2022-01-24T11:08:09","modified_gmt":"2022-01-24T09:08:09","slug":"login","status":"publish","type":"page","link":"https:\/\/berdtoni.com\/pl\/login\/","title":{"rendered":"Logowanie dla klient\u00f3w hurtowych"},"content":{"rendered":"<noscript class=\"ninja-forms-noscript-message\">\n\tUwaga: ta zawarto\u015b\u0107 wymaga obs\u0142ugi j\u0119zyka JavaScript.<\/noscript>\n<div id=\"nf-form-12-cont\" class=\"nf-form-cont\" aria-live=\"polite\" aria-labelledby=\"nf-form-title-12\" aria-describedby=\"nf-form-errors-12\" role=\"form\">\n\n    <div class=\"nf-loading-spinner\"><\/div>\n\n<\/div>\n        <!-- That data is being printed as a workaround to page builders reordering the order of the scripts loaded-->\n        <script>var formDisplay=1;var nfForms=nfForms||[];var form=[];form.id='12';form.settings={\"objectType\":\"Form Setting\",\"editActive\":true,\"title\":\"\\u0412\\u0445\\u0456\\u0434 \\u043d\\u0430 \\u0441\\u0430\\u0439\\u0442\",\"created_at\":\"2021-12-22 10:20:24\",\"form_title\":\"Login Form\",\"default_label_pos\":\"above\",\"show_title\":\"1\",\"clear_complete\":\"1\",\"hide_complete\":1,\"logged_in\":\"0\",\"wrapper_class\":\"\",\"element_class\":\"\",\"key\":\"\",\"add_submit\":\"0\",\"currency\":\"\",\"not_logged_in_msg\":\"\",\"sub_limit_number\":\"\",\"sub_limit_msg\":\"\",\"calculations\":[],\"container_styles_background-color\":\"\",\"container_styles_border\":\"\",\"container_styles_border-style\":\"\",\"container_styles_border-color\":\"\",\"container_styles_color\":\"\",\"container_styles_height\":\"\",\"container_styles_width\":\"\",\"container_styles_font-size\":\"\",\"container_styles_margin\":\"\",\"container_styles_padding\":\"\",\"container_styles_display\":\"\",\"container_styles_float\":\"\",\"container_styles_show_advanced_css\":\"0\",\"container_styles_advanced\":\"\",\"title_styles_background-color\":\"\",\"title_styles_border\":\"\",\"title_styles_border-style\":\"\",\"title_styles_border-color\":\"\",\"title_styles_color\":\"\",\"title_styles_height\":\"\",\"title_styles_width\":\"\",\"title_styles_font-size\":\"\",\"title_styles_margin\":\"\",\"title_styles_padding\":\"\",\"title_styles_display\":\"\",\"title_styles_float\":\"\",\"title_styles_show_advanced_css\":\"0\",\"title_styles_advanced\":\"\",\"row_styles_background-color\":\"\",\"row_styles_border\":\"\",\"row_styles_border-style\":\"\",\"row_styles_border-color\":\"\",\"row_styles_color\":\"\",\"row_styles_height\":\"\",\"row_styles_width\":\"\",\"row_styles_font-size\":\"\",\"row_styles_margin\":\"\",\"row_styles_padding\":\"\",\"row_styles_display\":\"\",\"row_styles_show_advanced_css\":\"0\",\"row_styles_advanced\":\"\",\"row-odd_styles_background-color\":\"\",\"row-odd_styles_border\":\"\",\"row-odd_styles_border-style\":\"\",\"row-odd_styles_border-color\":\"\",\"row-odd_styles_color\":\"\",\"row-odd_styles_height\":\"\",\"row-odd_styles_width\":\"\",\"row-odd_styles_font-size\":\"\",\"row-odd_styles_margin\":\"\",\"row-odd_styles_padding\":\"\",\"row-odd_styles_display\":\"\",\"row-odd_styles_show_advanced_css\":\"0\",\"row-odd_styles_advanced\":\"\",\"success-msg_styles_background-color\":\"\",\"success-msg_styles_border\":\"\",\"success-msg_styles_border-style\":\"\",\"success-msg_styles_border-color\":\"\",\"success-msg_styles_color\":\"\",\"success-msg_styles_height\":\"\",\"success-msg_styles_width\":\"\",\"success-msg_styles_font-size\":\"\",\"success-msg_styles_margin\":\"\",\"success-msg_styles_padding\":\"\",\"success-msg_styles_display\":\"\",\"success-msg_styles_show_advanced_css\":\"0\",\"success-msg_styles_advanced\":\"\",\"error_msg_styles_background-color\":\"\",\"error_msg_styles_border\":\"\",\"error_msg_styles_border-style\":\"\",\"error_msg_styles_border-color\":\"\",\"error_msg_styles_color\":\"\",\"error_msg_styles_height\":\"\",\"error_msg_styles_width\":\"\",\"error_msg_styles_font-size\":\"\",\"error_msg_styles_margin\":\"\",\"error_msg_styles_padding\":\"\",\"error_msg_styles_display\":\"\",\"error_msg_styles_show_advanced_css\":\"0\",\"error_msg_styles_advanced\":\"\",\"conditions\":[],\"mp_breadcrumb\":\"1\",\"mp_progress_bar\":\"1\",\"mp_display_titles\":\"0\",\"breadcrumb_container_styles_background-color\":\"\",\"breadcrumb_container_styles_border\":\"\",\"breadcrumb_container_styles_border-style\":\"\",\"breadcrumb_container_styles_border-color\":\"\",\"breadcrumb_container_styles_color\":\"\",\"breadcrumb_container_styles_height\":\"\",\"breadcrumb_container_styles_width\":\"\",\"breadcrumb_container_styles_font-size\":\"\",\"breadcrumb_container_styles_margin\":\"\",\"breadcrumb_container_styles_padding\":\"\",\"breadcrumb_container_styles_display\":\"\",\"breadcrumb_container_styles_float\":\"\",\"breadcrumb_container_styles_show_advanced_css\":\"0\",\"breadcrumb_container_styles_advanced\":\"\",\"breadcrumb_buttons_styles_background-color\":\"\",\"breadcrumb_buttons_styles_border\":\"\",\"breadcrumb_buttons_styles_border-style\":\"\",\"breadcrumb_buttons_styles_border-color\":\"\",\"breadcrumb_buttons_styles_color\":\"\",\"breadcrumb_buttons_styles_height\":\"\",\"breadcrumb_buttons_styles_width\":\"\",\"breadcrumb_buttons_styles_font-size\":\"\",\"breadcrumb_buttons_styles_margin\":\"\",\"breadcrumb_buttons_styles_padding\":\"\",\"breadcrumb_buttons_styles_display\":\"\",\"breadcrumb_buttons_styles_float\":\"\",\"breadcrumb_buttons_styles_show_advanced_css\":\"0\",\"breadcrumb_buttons_styles_advanced\":\"\",\"breadcrumb_button_hover_styles_background-color\":\"\",\"breadcrumb_button_hover_styles_border\":\"\",\"breadcrumb_button_hover_styles_border-style\":\"\",\"breadcrumb_button_hover_styles_border-color\":\"\",\"breadcrumb_button_hover_styles_color\":\"\",\"breadcrumb_button_hover_styles_height\":\"\",\"breadcrumb_button_hover_styles_width\":\"\",\"breadcrumb_button_hover_styles_font-size\":\"\",\"breadcrumb_button_hover_styles_margin\":\"\",\"breadcrumb_button_hover_styles_padding\":\"\",\"breadcrumb_button_hover_styles_display\":\"\",\"breadcrumb_button_hover_styles_float\":\"\",\"breadcrumb_button_hover_styles_show_advanced_css\":\"0\",\"breadcrumb_button_hover_styles_advanced\":\"\",\"breadcrumb_active_button_styles_background-color\":\"\",\"breadcrumb_active_button_styles_border\":\"\",\"breadcrumb_active_button_styles_border-style\":\"\",\"breadcrumb_active_button_styles_border-color\":\"\",\"breadcrumb_active_button_styles_color\":\"\",\"breadcrumb_active_button_styles_height\":\"\",\"breadcrumb_active_button_styles_width\":\"\",\"breadcrumb_active_button_styles_font-size\":\"\",\"breadcrumb_active_button_styles_margin\":\"\",\"breadcrumb_active_button_styles_padding\":\"\",\"breadcrumb_active_button_styles_display\":\"\",\"breadcrumb_active_button_styles_float\":\"\",\"breadcrumb_active_button_styles_show_advanced_css\":\"0\",\"breadcrumb_active_button_styles_advanced\":\"\",\"progress_bar_container_styles_background-color\":\"\",\"progress_bar_container_styles_border\":\"\",\"progress_bar_container_styles_border-style\":\"\",\"progress_bar_container_styles_border-color\":\"\",\"progress_bar_container_styles_color\":\"\",\"progress_bar_container_styles_height\":\"\",\"progress_bar_container_styles_width\":\"\",\"progress_bar_container_styles_font-size\":\"\",\"progress_bar_container_styles_margin\":\"\",\"progress_bar_container_styles_padding\":\"\",\"progress_bar_container_styles_display\":\"\",\"progress_bar_container_styles_float\":\"\",\"progress_bar_container_styles_show_advanced_css\":\"0\",\"progress_bar_container_styles_advanced\":\"\",\"progress_bar_fill_styles_background-color\":\"\",\"progress_bar_fill_styles_border\":\"\",\"progress_bar_fill_styles_border-style\":\"\",\"progress_bar_fill_styles_border-color\":\"\",\"progress_bar_fill_styles_color\":\"\",\"progress_bar_fill_styles_height\":\"\",\"progress_bar_fill_styles_width\":\"\",\"progress_bar_fill_styles_font-size\":\"\",\"progress_bar_fill_styles_margin\":\"\",\"progress_bar_fill_styles_padding\":\"\",\"progress_bar_fill_styles_display\":\"\",\"progress_bar_fill_styles_float\":\"\",\"progress_bar_fill_styles_show_advanced_css\":\"0\",\"progress_bar_fill_styles_advanced\":\"\",\"part_titles_styles_background-color\":\"\",\"part_titles_styles_border\":\"\",\"part_titles_styles_border-style\":\"\",\"part_titles_styles_border-color\":\"\",\"part_titles_styles_color\":\"\",\"part_titles_styles_height\":\"\",\"part_titles_styles_width\":\"\",\"part_titles_styles_font-size\":\"\",\"part_titles_styles_margin\":\"\",\"part_titles_styles_padding\":\"\",\"part_titles_styles_display\":\"\",\"part_titles_styles_float\":\"\",\"part_titles_styles_show_advanced_css\":\"0\",\"part_titles_styles_advanced\":\"\",\"navigation_container_styles_background-color\":\"\",\"navigation_container_styles_border\":\"\",\"navigation_container_styles_border-style\":\"\",\"navigation_container_styles_border-color\":\"\",\"navigation_container_styles_color\":\"\",\"navigation_container_styles_height\":\"\",\"navigation_container_styles_width\":\"\",\"navigation_container_styles_font-size\":\"\",\"navigation_container_styles_margin\":\"\",\"navigation_container_styles_padding\":\"\",\"navigation_container_styles_display\":\"\",\"navigation_container_styles_float\":\"\",\"navigation_container_styles_show_advanced_css\":\"0\",\"navigation_container_styles_advanced\":\"\",\"previous_button_styles_background-color\":\"\",\"previous_button_styles_border\":\"\",\"previous_button_styles_border-style\":\"\",\"previous_button_styles_border-color\":\"\",\"previous_button_styles_color\":\"\",\"previous_button_styles_height\":\"\",\"previous_button_styles_width\":\"\",\"previous_button_styles_font-size\":\"\",\"previous_button_styles_margin\":\"\",\"previous_button_styles_padding\":\"\",\"previous_button_styles_display\":\"\",\"previous_button_styles_float\":\"\",\"previous_button_styles_show_advanced_css\":\"0\",\"previous_button_styles_advanced\":\"\",\"next_button_styles_background-color\":\"\",\"next_button_styles_border\":\"\",\"next_button_styles_border-style\":\"\",\"next_button_styles_border-color\":\"\",\"next_button_styles_color\":\"\",\"next_button_styles_height\":\"\",\"next_button_styles_width\":\"\",\"next_button_styles_font-size\":\"\",\"next_button_styles_margin\":\"\",\"next_button_styles_padding\":\"\",\"next_button_styles_display\":\"\",\"next_button_styles_float\":\"\",\"next_button_styles_show_advanced_css\":\"0\",\"next_button_styles_advanced\":\"\",\"navigation_hover_styles_background-color\":\"\",\"navigation_hover_styles_border\":\"\",\"navigation_hover_styles_border-style\":\"\",\"navigation_hover_styles_border-color\":\"\",\"navigation_hover_styles_color\":\"\",\"navigation_hover_styles_height\":\"\",\"navigation_hover_styles_width\":\"\",\"navigation_hover_styles_font-size\":\"\",\"navigation_hover_styles_margin\":\"\",\"navigation_hover_styles_padding\":\"\",\"navigation_hover_styles_display\":\"\",\"navigation_hover_styles_float\":\"\",\"navigation_hover_styles_show_advanced_css\":\"0\",\"navigation_hover_styles_advanced\":\"\",\"formContentData\":[\"login_1679958214957\",\"parol_1640161254982\",\"uvijti_1679958233834\",\"hr_1640182844580\",\"html_1640182715301\"],\"allow_public_link\":0,\"embed_form\":\"\",\"changeEmailErrorMsg\":\"Wprowad\\u017a prawid\\u0142owy adres e-mail!\",\"changeDateErrorMsg\":\"Prosz\\u0119 wpisa\\u0107 prawid\\u0142ow\\u0105 dat\\u0119!\",\"confirmFieldErrorMsg\":\"Te pola musz\\u0105 si\\u0119 zgadza\\u0107!\",\"fieldNumberNumMinError\":\"B\\u0142\\u0105d \\u2014 liczba minimalna\",\"fieldNumberNumMaxError\":\"B\\u0142\\u0105d \\u2014 liczba maksymalna\",\"fieldNumberIncrementBy\":\"Zwi\\u0119ksz o \",\"formErrorsCorrectErrors\":\"Popraw b\\u0142\\u0119dy, zanim prze\\u015blesz formularz.\",\"validateRequiredField\":\"To jest wymagane pole.\",\"honeypotHoneypotError\":\"B\\u0142\\u0105d Honeypot\",\"fieldsMarkedRequired\":\"Pola oznaczone znakiem <span class=\\\"ninja-forms-req-symbol\\\">*<\\\/span> s\\u0105 wymagane\",\"repeatable_fieldsets\":\"\",\"unique_field_error\":\"\\u041d\\u0435 \\u0432\\u0435\\u0440\\u043d\\u043e\",\"drawerDisabled\":false,\"form_title_heading_level\":\"3\",\"ninjaForms\":\"Ninja Forms\",\"fieldTextareaRTEInsertLink\":\"Wstaw odno\\u015bnik\",\"fieldTextareaRTEInsertMedia\":\"Wstaw media\",\"fieldTextareaRTESelectAFile\":\"Wybierz plik\",\"tableInsertRowAbove\":\"Insert Row Above\",\"tableInsertRowBelow\":\"Insert Row Below\",\"tableInsertColumnLeft\":\"Insert Column Left\",\"tableInsertColumnRight\":\"Insert Column Right\",\"tableDeleteRow\":\"Delete Row\",\"tableDeleteColumn\":\"Delete Column\",\"tableDeleteTable\":\"Delete Table\",\"tableLegacyNotice\":\"This content has tables in the old editor format. Custom styles are preserved until converted. Editing will update to the new format.\",\"tableLegacyConvert\":\"Convert Now\",\"tableInsertTable\":\"Insert Table\",\"dismiss\":\"Odrzu\\u0107\",\"insertLink\":\"Wstaw odno\\u015bnik\",\"formHoneypot\":\"Je\\u015bli jeste\\u015b cz\\u0142owiekiem i widzisz to pole, nie wype\\u0142niaj go.\",\"fileUploadOldCodeFileUploadInProgress\":\"Przesy\\u0142anie pliku w toku.\",\"fileUploadOldCodeFileUpload\":\"PRZESY\\u0141ANIE PLIKU\",\"currencySymbol\":\"&#36;\",\"thousands_sep\":\"&nbsp;\",\"decimal_point\":\",\",\"siteLocale\":\"pl_PL\",\"dateFormat\":\"m\\\/d\\\/Y\",\"startOfWeek\":\"1\",\"of\":\"z\",\"previousMonth\":\"Poprzedni miesi\\u0105c\",\"nextMonth\":\"Nast\\u0119pny miesi\\u0105c\",\"months\":[\"Stycze\\u0144\",\"Luty\",\"Marzec\",\"Kwiecie\\u0144\",\"Maj\",\"Czerwiec\",\"Lipiec\",\"Sierpie\\u0144\",\"Wrzesie\\u0144\",\"Pa\\u017adziernik\",\"Listopad\",\"Grudzie\\u0144\"],\"monthsShort\":[\"Sty\",\"Lut\",\"Mar\",\"Kw\",\"Maj\",\"Cze\",\"Lip\",\"Sie\",\"Wrz\",\"Pa\\u017a\",\"Lis\",\"Gru\"],\"weekdays\":[\"Niedziela\",\"Poniedzia\\u0142ek\",\"Wtorek\",\"\\u015aroda\",\"Czwartek\",\"Pi\\u0105tek\",\"Sobota\"],\"weekdaysShort\":[\"Niedz\",\"Pon\",\"Wt\",\"\\u015ar\",\"Czw\",\"Pt\",\"Sob\"],\"weekdaysMin\":[\"Niedz\",\"Pon\",\"Wt\",\"\\u015ar\",\"Czw\",\"Pt\",\"Sob\"],\"recaptchaConsentMissing\":\"reCaptcha validation couldn&#039;t load.\",\"recaptchaMissingCookie\":\"reCaptcha v3 validation couldn&#039;t load the cookie needed to submit the form.\",\"recaptchaConsentEvent\":\"Accept reCaptcha cookies before sending the form.\",\"currency_symbol\":\"\",\"beforeForm\":\"\",\"beforeFields\":\"\",\"afterFields\":\"\",\"afterForm\":\"\"};form.fields=[{\"objectType\":\"Field\",\"objectDomain\":\"fields\",\"editActive\":false,\"order\":1,\"idAttribute\":\"id\",\"type\":\"textbox\",\"label\":\"\\u041b\\u043e\\u0433\\u0456\\u043d\",\"key\":\"login_1679958214957\",\"label_pos\":\"above\",\"required\":1,\"input_limit_type\":\"characters\",\"input_limit_msg\":\"Character(s) left\",\"manual_key\":\"\",\"wrap_styles_show_advanced_css\":0,\"label_styles_show_advanced_css\":0,\"element_styles_show_advanced_css\":0,\"cellcid\":\"c4200\",\"placeholder\":\"\",\"default\":\"\",\"container_class\":\"\",\"element_class\":\"\",\"input_limit\":\"\",\"disable_input\":\"\",\"admin_label\":\"\",\"help_text\":\"\",\"desc_text\":\"\",\"disable_browser_autocomplete\":\"\",\"mask\":\"\",\"custom_mask\":\"\",\"field_label\":\"Username\",\"field_key\":\"username_1488856177040\",\"custom_name_attribute\":\"\",\"personally_identifiable\":\"\",\"value\":\"\",\"id\":88,\"beforeField\":\"\",\"afterField\":\"\",\"parentType\":\"textbox\",\"element_templates\":[\"textbox\",\"input\"],\"old_classname\":\"\",\"wrap_template\":\"wrap\"},{\"objectType\":\"Field\",\"objectDomain\":\"fields\",\"editActive\":false,\"order\":2,\"idAttribute\":\"id\",\"type\":\"password\",\"label\":\"\\u041f\\u0430\\u0440\\u043e\\u043b\\u044c\",\"key\":\"parol_1640161254982\",\"label_pos\":\"above\",\"required\":1,\"input_limit_type\":\"characters\",\"input_limit_msg\":\"Character(s) left\",\"manual_key\":\"\",\"wrap_styles_show_advanced_css\":0,\"label_styles_show_advanced_css\":0,\"element_styles_show_advanced_css\":0,\"cellcid\":\"c4204\",\"placeholder\":\"\",\"default\":\"\",\"container_class\":\"\",\"element_class\":\"\",\"input_limit\":\"\",\"disable_input\":\"\",\"admin_label\":\"\",\"help_text\":\"\",\"desc_text\":\"<p><br><\\\/p>\",\"field_label\":\"Password\",\"field_key\":\"password_1487972201036\",\"value\":\"\",\"drawerDisabled\":false,\"id\":89,\"beforeField\":\"\",\"afterField\":\"\",\"parentType\":\"password\",\"element_templates\":[\"password\",\"textbox\",\"input\",\"input\"],\"old_classname\":\"\",\"wrap_template\":\"wrap\"},{\"objectType\":\"Field\",\"objectDomain\":\"fields\",\"editActive\":false,\"order\":3,\"idAttribute\":\"id\",\"type\":\"submit\",\"label\":\"\\u0423\\u0432\\u0456\\u0439\\u0442\\u0438\",\"processing_label\":\"\\u041e\\u0431\\u0440\\u043e\\u0431\\u043a\\u0430\",\"key\":\"uvijti_1679958233834\",\"wrap_styles_show_advanced_css\":0,\"label_styles_show_advanced_css\":0,\"element_styles_show_advanced_css\":0,\"submit_element_hover_styles_show_advanced_css\":0,\"cellcid\":\"c4207\",\"container_class\":\"\",\"element_class\":\"\",\"field_label\":\"Submit\",\"field_key\":\"submit_1487972204010\",\"drawerDisabled\":false,\"id\":90,\"beforeField\":\"\",\"afterField\":\"\",\"value\":\"\",\"label_pos\":\"above\",\"parentType\":\"textbox\",\"element_templates\":[\"submit\",\"button\",\"input\"],\"old_classname\":\"\",\"wrap_template\":\"wrap-no-label\"},{\"objectType\":\"Field\",\"objectDomain\":\"fields\",\"editActive\":false,\"order\":4,\"idAttribute\":\"id\",\"label\":\"\\u0420\\u0430\\u0437\\u0434\\u0435\\u043b\\u0438\\u0442\\u0435\\u043b\\u044c\",\"type\":\"hr\",\"container_class\":\"\",\"element_class\":\"\",\"key\":\"hr_1640182844580\",\"id\":100,\"beforeField\":\"\",\"afterField\":\"\",\"value\":\"\",\"label_pos\":\"above\",\"parentType\":\"hr\",\"element_templates\":[\"hr\",\"input\"],\"old_classname\":\"\",\"wrap_template\":\"wrap\"},{\"objectType\":\"Field\",\"objectDomain\":\"fields\",\"editActive\":false,\"order\":5,\"idAttribute\":\"id\",\"label\":\"HTML\",\"type\":\"html\",\"default\":\"<h4 style=\\\"text-align: center;\\\"><a href=\\\"https:\\\/\\\/berdtoni.com\\\/register\\\/\\\">\\u0417\\u0430\\u044f\\u0432\\u043a\\u0430 \\u043d\\u0430 \\u0440\\u0435\\u0454\\u0441\\u0442\\u0440\\u0430\\u0446\\u0456\\u044e<\\\/a><\\\/h4>\",\"container_class\":\"\",\"element_class\":\"\",\"key\":\"html_1640182715301\",\"drawerDisabled\":false,\"id\":99,\"beforeField\":\"\",\"afterField\":\"\",\"value\":\"<h4 style=\\\"text-align: center;\\\"><a href=\\\"https:\\\/\\\/berdtoni.com\\\/register\\\/\\\">\\u0417\\u0430\\u044f\\u0432\\u043a\\u0430 \\u043d\\u0430 \\u0440\\u0435\\u0454\\u0441\\u0442\\u0440\\u0430\\u0446\\u0456\\u044e<\\\/a><\\\/h4>\",\"label_pos\":\"above\",\"parentType\":\"html\",\"element_templates\":[\"html\",\"input\"],\"old_classname\":\"\",\"wrap_template\":\"wrap\"}];nfForms.push(form);<\/script>\n        \n","protected":false},"excerpt":{"rendered":"","protected":false},"author":1,"featured_media":0,"parent":0,"menu_order":0,"comment_status":"closed","ping_status":"closed","template":"","meta":{"footnotes":""},"class_list":["post-161","page","type-page","status-publish","hentry"],"_links":{"self":[{"href":"https:\/\/berdtoni.com\/pl\/wp-json\/wp\/v2\/pages\/161","targetHints":{"allow":["GET"]}}],"collection":[{"href":"https:\/\/berdtoni.com\/pl\/wp-json\/wp\/v2\/pages"}],"about":[{"href":"https:\/\/berdtoni.com\/pl\/wp-json\/wp\/v2\/types\/page"}],"author":[{"embeddable":true,"href":"https:\/\/berdtoni.com\/pl\/wp-json\/wp\/v2\/users\/1"}],"replies":[{"embeddable":true,"href":"https:\/\/berdtoni.com\/pl\/wp-json\/wp\/v2\/comments?post=161"}],"version-history":[{"count":0,"href":"https:\/\/berdtoni.com\/pl\/wp-json\/wp\/v2\/pages\/161\/revisions"}],"wp:attachment":[{"href":"https:\/\/berdtoni.com\/pl\/wp-json\/wp\/v2\/media?parent=161"}],"curies":[{"name":"wp","href":"https:\/\/api.w.org\/{rel}","templated":true}]}}