{"id":179,"date":"2020-09-16T14:27:56","date_gmt":"2020-09-16T11:27:56","guid":{"rendered":"https:\/\/bbb.berdichevski.com\/?page_id=179"},"modified":"2023-03-12T18:53:25","modified_gmt":"2023-03-12T16:53:25","slug":"o-nas","status":"publish","type":"page","link":"https:\/\/berdtoni.com\/pl\/o-nas\/","title":{"rendered":"O nas"},"content":{"rendered":"<p style=\"text-align: justify;\"><img loading=\"lazy\" decoding=\"async\" class=\"wp-image-122  alignleft\" src=\"https:\/\/berdtoni.com\/wp-content\/uploads\/2020\/09\/photo5409017379939265913.jpg\" alt=\"\" width=\"182\" height=\"148\" \/>Znak towarowy <strong>BerdToni<\/strong> to producent stylowej i wysokiej jako\u015bci odzie\u017cy damskiej, z powodzeniem dzia\u0142aj\u0105cy na rynku ukrai\u0144skim.<\/p>\n<p style=\"text-align: justify;\">Odzie\u017c od <strong>BerdToni<\/strong> to po\u0142\u0105czenie stylu romantycznego i klasycznego, kt\u00f3re wyr\u00f3\u017cnia kobieco\u015b\u0107 i ekstrawagancja.<\/p>\n<p style=\"text-align: justify;\">Nasz zesp\u00f3\u0142 produkcyjny to profesjonalny zesp\u00f3\u0142, kt\u00f3ry tworzy stylow\u0105 odzie\u017c biurow\u0105, casualow\u0105 i eleganck\u0105 dla kobiet sukcesu. Zakres modeli od 42 do 60 rozmiar\u00f3w.<\/p>\n<p style=\"text-align: justify;\">Produkty <strong>BerdToni<\/strong> Cechuje si\u0119 ciekawym designem, doskona\u0142ym krojem i wysokiej jako\u015bci krawiectwem.<\/p>","protected":false},"excerpt":{"rendered":"<p>Marka BerdToni to producent stylowej i wysokiej jako\u015bci odzie\u017cy damskiej, z sukcesem dzia\u0142aj\u0105cy na rynku ukrai\u0144skim. Odzie\u017c od BerdToni to po\u0142\u0105czenie stylu romantycznego i klasycznego,\u2026<\/p>","protected":false},"author":1,"featured_media":0,"parent":0,"menu_order":0,"comment_status":"closed","ping_status":"closed","template":"","meta":{"footnotes":""},"class_list":["post-179","page","type-page","status-publish","hentry"],"_links":{"self":[{"href":"https:\/\/berdtoni.com\/pl\/wp-json\/wp\/v2\/pages\/179","targetHints":{"allow":["GET"]}}],"collection":[{"href":"https:\/\/berdtoni.com\/pl\/wp-json\/wp\/v2\/pages"}],"about":[{"href":"https:\/\/berdtoni.com\/pl\/wp-json\/wp\/v2\/types\/page"}],"author":[{"embeddable":true,"href":"https:\/\/berdtoni.com\/pl\/wp-json\/wp\/v2\/users\/1"}],"replies":[{"embeddable":true,"href":"https:\/\/berdtoni.com\/pl\/wp-json\/wp\/v2\/comments?post=179"}],"version-history":[{"count":0,"href":"https:\/\/berdtoni.com\/pl\/wp-json\/wp\/v2\/pages\/179\/revisions"}],"wp:attachment":[{"href":"https:\/\/berdtoni.com\/pl\/wp-json\/wp\/v2\/media?parent=179"}],"curies":[{"name":"wp","href":"https:\/\/api.w.org\/{rel}","templated":true}]}}