{"id":183,"date":"2020-09-16T14:31:48","date_gmt":"2020-09-16T11:31:48","guid":{"rendered":"https:\/\/bbb.berdichevski.com\/?page_id=183"},"modified":"2021-04-22T11:00:57","modified_gmt":"2021-04-22T08:00:57","slug":"oplata-dostavka","status":"publish","type":"page","link":"https:\/\/berdtoni.com\/pl\/oplata-dostavka\/","title":{"rendered":"P\u0142atno\u015b\u0107\/Wysy\u0142ka"},"content":{"rendered":"<div id=\"wd-5f51ea448ec47\" class=\"title-wrapper woodmart-title-color-default woodmart-title-style-default woodmart-title-width-100 text-left woodmart-title-size-default vc_custom_1599203910733\">\n<div class=\"liner-continer\">\n<h4 class=\"woodmart-title-container title woodmart-font-weight-\" style=\"text-align: justify;\"><strong>Dostawa na Ukrainie<\/strong><\/h4>\n<\/div>\n<\/div>\n<div class=\"wpb_text_column wpb_content_element vc_custom_1599203893724\" style=\"text-align: justify;\">\n<div class=\"wpb_wrapper\">\n<ul>\n<li>Dostawa na Ukrainie realizowana jest przez firm\u0119 kuriersk\u0105 \u201d<strong>Nowa poczta&quot;<\/strong><\/li>\n<li>Dostawa towaru trwa 1-3 dni w zale\u017cno\u015bci od miejsca docelowego.<\/li>\n<li>Kupuj\u0105cy p\u0142aci za wysy\u0142k\u0119. Koszt dostawy (w jedn\u0105 stron\u0119) wynosi \u015brednio od 40 UAH lub zgodnie z taryf\u0105 firmy kurierskiej \u201eNowa Poczta\u201d. W przypadku wybrania p\u0142atno\u015bci za pobraniem dostawa mo\u017ce by\u0107 wy\u017csza (od 75 UAH + prowizja 2% od kwoty p\u0142atno\u015bci za pobraniem)<\/li>\n<li>Na stronie internetowej firmy kurierskiej \u201eNova Postta\u201d mo\u017cesz\u00a0<strong>\u015bcie\u017cka<\/strong>\u00a0status dostawy \u0142adunku wed\u0142ug numeru listu przewozowego. O dniu otrzymania zam\u00f3wienia zostaniesz r\u00f3wnie\u017c poinformowany SMS-em.<\/li>\n<\/ul>\n<\/div>\n<\/div>\n<div id=\"wd-5f51eb20aaea0\" class=\"title-wrapper woodmart-title-color-default woodmart-title-style-default woodmart-title-width-100 text-left woodmart-title-size-small vc_custom_1599204125422\" style=\"text-align: justify;\">\n<div class=\"liner-continer\">\n<h4 class=\"woodmart-title-container title woodmart-font-weight-\"><strong>Zam\u00f3w metody p\u0142atno\u015bci<\/strong><\/h4>\n<\/div>\n<\/div>\n<div class=\"wpb_text_column wpb_content_element\">\n<div class=\"wpb_wrapper\">\n<p style=\"text-align: justify;\">Za pobraniem (p\u0142atno\u015b\u0107 w biurze Nova Postta)<\/p>\n<ul style=\"text-align: justify;\">\n<li>P\u0142atno\u015b\u0107 za towar got\u00f3wk\u0105 przy odbiorze w oddziale Nova Poshta - od 75 UAH (prowizja 2% od p\u0142atno\u015bci za pobraniem + 20 UAH za przesy\u0142k\u0119 zwrotn\u0105). Wi\u0119cej informacji o taryfach mo\u017cna znale\u017a\u0107 na stronie internetowej Nova Postta w sekcji \u201eKalkulator\u201d.<\/li>\n<\/ul>\n<p style=\"text-align: justify;\">P\u0142atno\u015b\u0107 na kart\u0119 PrivatBank (przedp\u0142ata)<\/p>\n<ul style=\"text-align: justify;\">\n<li>P\u0142atno\u015b\u0107 na kart\u0119 Privatbank (numer karty otrzymasz w wiadomo\u015bci SMS)<\/li>\n<li>Dostawa do magazynu \u201eNova Postta\u201d - od 40 UAH<\/li>\n<li>Dostawa kurierem - od 55 UAH<\/li>\n<\/ul>\n<p><span class=\"attention\">Uwaga!<\/span>\u00a0Podczas do\u0142adowywania karty PrivatBank w terminalu bank pobiera prowizj\u0119 w wysoko\u015bci 2 UAH za korzystanie z terminala z wp\u0142acon\u0105 kwot\u0105. Nie zapomnij doda\u0107 do kwoty p\u0142atno\u015bci 2 UAH.W przypadku przelewu \u015brodk\u00f3w przez system Privat24 pobierana jest prowizja w wysoko\u015bci 0,5%.<\/p>\n<\/div>\n<\/div>","protected":false},"excerpt":{"rendered":"<p>Dostawa na terenie Ukrainy Dostawa na terenie Ukrainy realizowana jest za po\u015brednictwem firmy kurierskiej \u201eNovaya Poshta\u201d Dostawa towaru trwa 1-3 dni w zale\u017cno\u015bci od miejsca przeznaczenia. Kupuj\u0105cy p\u0142aci za wysy\u0142k\u0119. Cena\u2026<\/p>","protected":false},"author":1,"featured_media":0,"parent":0,"menu_order":0,"comment_status":"closed","ping_status":"closed","template":"","meta":{"footnotes":""},"class_list":["post-183","page","type-page","status-publish","hentry"],"_links":{"self":[{"href":"https:\/\/berdtoni.com\/pl\/wp-json\/wp\/v2\/pages\/183","targetHints":{"allow":["GET"]}}],"collection":[{"href":"https:\/\/berdtoni.com\/pl\/wp-json\/wp\/v2\/pages"}],"about":[{"href":"https:\/\/berdtoni.com\/pl\/wp-json\/wp\/v2\/types\/page"}],"author":[{"embeddable":true,"href":"https:\/\/berdtoni.com\/pl\/wp-json\/wp\/v2\/users\/1"}],"replies":[{"embeddable":true,"href":"https:\/\/berdtoni.com\/pl\/wp-json\/wp\/v2\/comments?post=183"}],"version-history":[{"count":0,"href":"https:\/\/berdtoni.com\/pl\/wp-json\/wp\/v2\/pages\/183\/revisions"}],"wp:attachment":[{"href":"https:\/\/berdtoni.com\/pl\/wp-json\/wp\/v2\/media?parent=183"}],"curies":[{"name":"wp","href":"https:\/\/api.w.org\/{rel}","templated":true}]}}