{"id":3124,"date":"2021-02-08T15:03:58","date_gmt":"2021-02-08T13:03:58","guid":{"rendered":"https:\/\/berdtoni.com\/?page_id=3124"},"modified":"2025-03-30T18:15:46","modified_gmt":"2025-03-30T15:15:46","slug":"galereya","status":"publish","type":"page","link":"https:\/\/berdtoni.com\/pl\/","title":{"rendered":"Katalog"},"content":{"rendered":"<p style=\"text-align: center;\"><strong><a href=\"https:\/\/berdtoni.com\/pl\/kategoria-produktu\/kollekcziya-vesna-leto\/\">Kolekcja wiosna-lato<span class=\"nav-icon-angle\">\u00a0<\/span><\/a><\/strong><\/p>\n<p style=\"text-align: center;\"><a href=\"https:\/\/berdtoni.com\/pl\/kategoria-produktu\/kollekcziya-vesna-leto\/bluzy-tuniki\/\">Bluzki, tuniki<\/a><\/p>\n<p style=\"text-align: center;\"><a href=\"https:\/\/berdtoni.com\/pl\/kategoria-produktu\/kollekcziya-vesna-leto\/kostyumy-zhakety\/\">Garnitury, marynarki<\/a><\/p>\n<p style=\"text-align: center;\"><a href=\"https:\/\/berdtoni.com\/pl\/kategoria-produktu\/kollekcziya-vesna-leto\/platya\/\">Sukienki<\/a><\/p>\n<p style=\"text-align: center;\"><a href=\"https:\/\/berdtoni.com\/pl\/kategoria-produktu\/kollekcziya-vesna-leto\/yubki-bryuki\/\">Sp\u00f3dnice, spodnie<\/a><\/p>\n<p style=\"text-align: center;\"><a href=\"https:\/\/berdtoni.com\/pl\/kategoria-produktu\/kollekcziya-vesna-leto\/poslednie-razmery-vesna-leto\/\">Najnowsze rozmiary wiosna-lato<\/a><\/p>\n<p style=\"text-align: center;\"><a href=\"https:\/\/berdtoni.com\/pl\/kategoria-produktu\/arhiv-vesna-leto\/\">Archiwum Wiosna-Lato<\/a><\/p>\n<p style=\"text-align: center;\"><strong><a href=\"https:\/\/berdtoni.com\/pl\/kategoria-produktu\/kollekcziya-osen-zima\/\">Kolekcja jesienno-zimowa<span class=\"nav-icon-angle\">\u00a0<\/span><\/a><\/strong><\/p>\n<p style=\"text-align: center;\"><a href=\"https:\/\/berdtoni.com\/pl\/kategoria-produktu\/kollekcziya-osen-zima\/zhakety-kardigany\/\">Garnitury, marynarki, kardigany, marynarki<\/a><\/p>\n<p style=\"text-align: center;\"><a href=\"https:\/\/berdtoni.com\/pl\/kategoria-produktu\/kollekcziya-osen-zima\/platya-kollekcziya-osen-zima\/\">Sukienki<\/a><\/p>\n<p style=\"text-align: center;\"><a href=\"https:\/\/berdtoni.com\/pl\/kategoria-produktu\/kollekcziya-osen-zima\/bluzy-tuniki-kollekcziya-osen-zima\/\">Bluzki, tuniki<\/a><\/p>\n<p style=\"text-align: center;\"><a href=\"https:\/\/berdtoni.com\/pl\/kategoria-produktu\/kollekcziya-osen-zima\/golf%d1%8b-svytera\/\">Golfy, swetry<\/a><\/p>\n<p style=\"text-align: center;\"><a href=\"https:\/\/berdtoni.com\/pl\/kategoria-produktu\/kollekcziya-osen-zima\/yubki-bryuki-kollekcziya-osen-zima\/\">Sp\u00f3dnice, spodnie<\/a><\/p>\n<p style=\"text-align: center;\"><a href=\"https:\/\/berdtoni.com\/pl\/kategoria-produktu\/kollekcziya-osen-zima\/poslednie-razmery\/\">Najnowsze rozmiary jesienno-zimowe<\/a><\/p>\n<p style=\"text-align: center;\"><a href=\"https:\/\/berdtoni.com\/pl\/kategoria-produktu\/aksessuary\/\">Akcesoria<\/a><\/p>\n<p style=\"text-align: center;\"><a href=\"https:\/\/berdtoni.com\/pl\/kategoria-produktu\/odezhda-dlya-salonov-krasoty-i-kabinetov\/\">Odzie\u017c dla salon\u00f3w kosmetycznych i gabinet\u00f3w<\/a><\/p>\n<p style=\"text-align: center;\"><a href=\"https:\/\/berdtoni.com\/pl\/kategoria-produktu\/domashnyaya-odezhda\/\">ubrania domowe<\/a><\/p>\n<p style=\"text-align: center;\"><a href=\"https:\/\/berdtoni.com\/pl\/kategoria-produktu\/arhiv-osen-zima\/\">Archiwum jesie\u0144-zima<\/a><\/p>","protected":false},"excerpt":{"rendered":"<p>Kolekcja Wiosna-Lato Bluzki, tuniki Garnitury, kurtki Sukienki Sp\u00f3dnice, spodnie Najnowsze rozmiary Archiwum Wiosna-Lato Kolekcja Wiosna-Lato Jesie\u0144-Zima Garnitury, kurtki, kardigany, p\u0142aszcze Sukienki Bluzki, tuniki Podkolan\u00f3wki, swetry\u2026<\/p>","protected":false},"author":1,"featured_media":0,"parent":0,"menu_order":0,"comment_status":"closed","ping_status":"closed","template":"","meta":{"footnotes":""},"class_list":["post-3124","page","type-page","status-publish","hentry"],"_links":{"self":[{"href":"https:\/\/berdtoni.com\/pl\/wp-json\/wp\/v2\/pages\/3124","targetHints":{"allow":["GET"]}}],"collection":[{"href":"https:\/\/berdtoni.com\/pl\/wp-json\/wp\/v2\/pages"}],"about":[{"href":"https:\/\/berdtoni.com\/pl\/wp-json\/wp\/v2\/types\/page"}],"author":[{"embeddable":true,"href":"https:\/\/berdtoni.com\/pl\/wp-json\/wp\/v2\/users\/1"}],"replies":[{"embeddable":true,"href":"https:\/\/berdtoni.com\/pl\/wp-json\/wp\/v2\/comments?post=3124"}],"version-history":[{"count":0,"href":"https:\/\/berdtoni.com\/pl\/wp-json\/wp\/v2\/pages\/3124\/revisions"}],"wp:attachment":[{"href":"https:\/\/berdtoni.com\/pl\/wp-json\/wp\/v2\/media?parent=3124"}],"curies":[{"name":"wp","href":"https:\/\/api.w.org\/{rel}","templated":true}]}}