{"id":3823,"date":"2021-04-20T10:34:01","date_gmt":"2021-04-20T07:34:01","guid":{"rendered":"https:\/\/berdtoni.com\/?page_id=3823"},"modified":"2021-04-22T13:04:48","modified_gmt":"2021-04-22T10:04:48","slug":"zhenskie-bryuki-optom-kupit","status":"publish","type":"page","link":"https:\/\/berdtoni.com\/pl\/zhenskie-bryuki-optom-kupit\/","title":{"rendered":"Kup hurtowo spodnie damskie"},"content":{"rendered":"<p style=\"text-align: justify;\"><img loading=\"lazy\" decoding=\"async\" class=\"wp-image-759 alignleft\" src=\"https:\/\/berdtoni.com\/wp-content\/uploads\/2021\/01\/9971_9.jpg\" alt=\"\" width=\"204\" height=\"329\" \/><img loading=\"lazy\" decoding=\"async\" class=\"wp-image-2950 alignright\" src=\"https:\/\/berdtoni.com\/wp-content\/uploads\/2021\/01\/11006_4_3.jpg\" alt=\"\" width=\"248\" height=\"400\" \/>Kobiety sukcesu i biznesu uwa\u017cnie monitoruj\u0105 swoj\u0105 garderob\u0119, nie mog\u0105 sobie pozwoli\u0107 na noszenie przestarza\u0142ych styl\u00f3w ani pojawianie si\u0119 w spo\u0142ecze\u0144stwie w tych samych ubraniach przez d\u0142ugi czas. Ka\u017cda Pani stara si\u0119 wygl\u0105da\u0107 zjawiskowo, aby jej wizerunek b\u0142yszcza\u0142 eleganck\u0105 kobieco\u015bci\u0105.<\/p>\n<p style=\"text-align: justify;\">Dla w\u0142a\u015bcicieli sklep\u00f3w z odzie\u017c\u0105 damsk\u0105 wa\u017cna jest aktualizacja asortymentu na czas, pod\u0105\u017canie za najnowsz\u0105 mod\u0105 i wsp\u00f3\u0142praca ze sprawdzonymi dostawcami, aby biznes przynosi\u0142 przyjemno\u015b\u0107 i zysk. Nasza fabryka odzie\u017cy BerdToni\u2122 jest niezawodnym partnerem dla naszych klient\u00f3w. Damskie garnitury i sukienki, sp\u00f3dnice i spodnie damskie mo\u017cna wybiera\u0107 i zamawia\u0107 u nas hurtowo, maj\u0105c pewno\u015b\u0107 co do ich przydatno\u015bci i jako\u015bci.<\/p>\n<p style=\"text-align: justify;\"><strong>Popularne fasony spodni damskich<\/strong><\/p>\n<p style=\"text-align: justify;\">Moda szybko si\u0119 zmienia, nawet wczorajsza nowo\u015b\u0107 mo\u017ce dzi\u015b wygl\u0105da\u0107 na przestarza\u0142\u0105. Zmiana p\u00f3r roku niesie ze sob\u0105 zmiany trend\u00f3w ubioru, obrazy zast\u0119puj\u0105 si\u0119 nawzajem. Jedyne, co pozostaje niezmienne w kobiecym wygl\u0105dzie, to ch\u0119\u0107 zawsze wygl\u0105da\u0107 elegancko, podkre\u015bla\u0107 pi\u0119kno i wdzi\u0119k sylwetki.<\/p>\n<p style=\"text-align: justify;\"><img loading=\"lazy\" decoding=\"async\" class=\"wp-image-3176 alignleft\" src=\"https:\/\/berdtoni.com\/wp-content\/uploads\/2021\/01\/12269_1-1.jpg\" alt=\"\" width=\"299\" height=\"482\" \/> <img loading=\"lazy\" decoding=\"async\" class=\"wp-image-3174 alignright\" src=\"https:\/\/berdtoni.com\/wp-content\/uploads\/2021\/01\/12269_2-1.jpg\" alt=\"\" width=\"299\" height=\"482\" \/>W ci\u0105gu ostatnich stu lat spodnie sta\u0142y si\u0119 integraln\u0105 cz\u0119\u015bci\u0105 kobiecego ubioru. S\u0105 symbolem aktywno\u015bci, dynamizmu i r\u00f3wno\u015bci. R\u00f3\u017cnorodno\u015b\u0107 spodni jest niesamowita, dziesi\u0105tki modeli r\u00f3\u017cni\u0105 si\u0119 krojem, krojem i d\u0142ugo\u015bci\u0105, uzupe\u0142nionych rzeczywistym wystrojem, ale podstawowe style s\u0105 zawsze poszukiwane. Zanim kupisz hurtowo spodnie damskie, musisz pami\u0119ta\u0107 o wszystkich stylach, kt\u00f3re s\u0105 popularne od wielu lat:<\/p>\n<ul style=\"text-align: justify;\">\n<li>Klasyczny - model prosty na ca\u0142ej d\u0142ugo\u015bci, najcz\u0119\u015bciej oznaczony strza\u0142kami na nogawkach, ale mo\u017ce by\u0107 bez nich. Ich d\u0142ugo\u015b\u0107 si\u0119ga g\u00f3rnej cz\u0119\u015bci but\u00f3w. Kr\u00f3j ten doskonale le\u017cy na ka\u017cdym typie sylwetki, taki model mo\u017cna \u015bmia\u0142o zamawia\u0107 hurtowo. Pasuj\u0105 do wi\u0119kszo\u015bci g\u00f3rnych cz\u0119\u015bci garderoby \u2013 bluzek, kurtek, kardigan\u00f3w, t-shirt\u00f3w i top\u00f3w.<\/li>\n<li>Drugim najpopularniejszym stylem spodni s\u0105 spodnie. Ich kr\u00f3j jest niemal identyczny z klasyk\u0105 przyj\u0119t\u0105 przez m\u0119\u017cczyzn, jednak nie posiada strza\u0142ek. Lu\u017any kr\u00f3j, przyci\u0119ty lub powy\u017cej kostki, ze zwojami lub bez u do\u0142u nogawek. Niuanse zale\u017c\u0105 od dzisiejszej mody. Ten styl nie wychodzi z mody od wielu lat, dlatego spodnie w dowolnym rozmiarze hurtowym mo\u017cna zam\u00f3wi\u0107 bez obaw.<\/li>\n<li>Skinny \u2013 model uniwersalny, \u015bwietnie prezentuje si\u0119 zar\u00f3wno w stylu biznesowym, jak i na co dzie\u0144. W zale\u017cno\u015bci od wybranego topu tworzy kobiecy look wyd\u0142u\u017caj\u0105c i wyszczuplaj\u0105c nogi.<\/li>\n<li>Szerokie spodnie mo\u017cna zam\u00f3wi\u0107 hurtowo z ca\u0142kowit\u0105 pewno\u015bci\u0105 sukcesu. Styl ten przez d\u0142ugi czas utrzymuje si\u0119 na czo\u0142owych miejscach, ulegaj\u0105c minimalnym zmianom. Zakocha\u0142 si\u0119 w kobietach za lekko\u015b\u0107 i romantyzm obrazu. W zale\u017cno\u015bci od modelu spodnie te mo\u017cna bezpiecznie nosi\u0107 zar\u00f3wno z marynark\u0105 wychodz\u0105c do biura, jak i z topem na randk\u0119.<\/li>\n<li>Chinosy \u2013 ten kr\u00f3j jest prosty, lekko zw\u0119\u017cany. Osobliwo\u015bci\u0105 takiego modelu jest to, \u017ce nie powinien on przylega\u0107 ciasno, a jedynie swobodnie powtarza\u0107 kontury n\u00f3g. Ten styl cieszy si\u0119 szczeg\u00f3ln\u0105 popularno\u015bci\u0105 w ciep\u0142ym sezonie, gdy\u017c \u015bwietnie prezentuje si\u0119 w tkaninach lnianych i bawe\u0142nianych, dlatego wybieraj\u0105c hurtowo spodnie letnie, zdecydowanie warto zwr\u00f3ci\u0107 uwag\u0119 na ten fason.<img loading=\"lazy\" decoding=\"async\" class=\"wp-image-1441 alignright\" src=\"https:\/\/berdtoni.com\/wp-content\/uploads\/2021\/01\/9971_10.jpg\" alt=\"\" width=\"354\" height=\"571\" \/><\/li>\n<\/ul>\n<p style=\"text-align: justify;\">Wszystkie powy\u017csze style przesz\u0142y d\u0142ug\u0105 drog\u0119 od kolekcji do kolekcji wszystkich dom\u00f3w mody. Ich r\u00f3\u017cnice z roku na rok r\u00f3\u017cni\u0105 si\u0119 jedynie drobnymi szczeg\u00f3\u0142ami, tkaninami i kolorami. Odpowiadaj\u0105c na pytanie, kt\u00f3re spodnie lepiej zam\u00f3wi\u0107 hurtowo, odpowied\u017a staje si\u0119 oczywista.<\/p>\n<p style=\"text-align: justify;\"><strong>Asortyment spodni damskich<\/strong><\/p>\n<p style=\"text-align: justify;\">Przychodz\u0105c do sklepu po nowe ubrania, nie wszystkie kobiety maj\u0105 poj\u0119cie, czego dok\u0142adnie potrzebuj\u0105, wiele po prostu wpada z ciekawo\u015bci w poszukiwaniu jakiego\u015b ciekawego drobiazgu. Wyb\u00f3r staje si\u0119 zabawn\u0105 rozrywk\u0105, a ostatecznym rezultatem powinna by\u0107 nowa, stylowa rzecz i oczekiwanie na wyj\u015bcie w niej.<\/p>\n<p style=\"text-align: justify;\">Dobrze dobrany asortyment to klucz do sukcesu sklepu modowego. Bazuj\u0105c na kobietach biznesu, warto zamawia\u0107 klasyczne spodnie hurtowo i dobiera\u0107 dla nich kolekcje bluzek, marynarek i innej odpowiedniej odzie\u017cy. Ciep\u0142y sezon zapewnia jasne i jasne odcienie, w zimnych porach roku bardziej odpowiednie s\u0105 ciemne odcienie. Przegl\u0105daj\u0105c kolekcj\u0119, z pewno\u015bci\u0105 b\u0119dzie du\u017ce zapotrzebowanie na hurtowni\u0119 czarnych spodni jesienno-zimowych.<\/p>\n<p style=\"text-align: justify;\">Wszystkie elementy musz\u0105 by\u0107 wybrane w jednym lub wi\u0119kszej liczbie styl\u00f3w. Na przyk\u0142ad odwiedzaj\u0105ca biznesmenka mo\u017ce zainteresowa\u0107 si\u0119 nowym garniturem do pracy, a tak\u017ce kupi\u0107 ubrania weekendowe.<\/p>\n<p style=\"text-align: justify;\">Zamawiaj\u0105c modne spodnie hurtowo, g\u0142\u00f3wnym kryterium wyboru powinien by\u0107 pe\u0142ny wizerunek klientki, jej ch\u0119\u0107 bycia eleganckim i nieodpartym wygl\u0105dem, zar\u00f3wno w pracy, jak i w czasie wolnym.<\/p>\n<p style=\"text-align: justify;\"><strong>Najlepiej sprzedaj\u0105ce si\u0119 spodnie damskie<\/strong><\/p>\n<p style=\"text-align: justify;\"><img loading=\"lazy\" decoding=\"async\" class=\"wp-image-3641 alignleft\" src=\"https:\/\/berdtoni.com\/wp-content\/uploads\/2021\/03\/12717_10.jpg\" alt=\"\" width=\"217\" height=\"349\" \/><img loading=\"lazy\" decoding=\"async\" class=\"wp-image-3642 alignleft\" src=\"https:\/\/berdtoni.com\/wp-content\/uploads\/2021\/03\/12717_10_1.jpg\" alt=\"\" width=\"218\" height=\"351\" \/>Zawsze jest szansa na rozw\u00f3j swojego biznesu, zwi\u0119kszenie zysk\u00f3w i poszerzenie go. Sukces punktu sprzeda\u017cy detalicznej w du\u017cej mierze zale\u017cy od prawid\u0142owego wyboru dostawcy i jego wiarygodno\u015bci.<\/p>\n<p style=\"text-align: justify;\">Nasza fabryka odzie\u017cy BerdToni\u2122 dzia\u0142a w bran\u017cy modowej od 2012 roku. W tym czasie marka zyska\u0142a wystarczaj\u0105c\u0105 popularno\u015b\u0107 i zyska\u0142a reputacj\u0119 w\u015br\u00f3d kobiet sukcesu, kt\u00f3re zawsze staraj\u0105 si\u0119 wygl\u0105da\u0107 idealnie. Opracowuj\u0105c nowe kolekcje, nasi projektanci mody bior\u0105 pod uwag\u0119 wiele czynnik\u00f3w - mod\u0119, typ sylwetki, komfort noszenia, jako\u015b\u0107 tkanin i tak dalej. W ko\u0144cu wszystkie spodnie damskie prezentowane w naszym sklepie internetowym mo\u017cna bez obaw zabra\u0107 luzem.<\/p>\n<p style=\"text-align: justify;\">G\u0142\u00f3wnym zadaniem naszych projektant\u00f3w jest sprawianie rado\u015bci klientce ko\u0144cowej, nadawanie kobietom elegancji, podkre\u015blanie ich najlepszych cech. Odzie\u017c naszej marki staje si\u0119 ulubion\u0105 i nawet przypadkowy klient wchodz\u0105c do butiku z pewno\u015bci\u0105 wr\u00f3ci po now\u0105, staj\u0105c si\u0119 tym samym sta\u0142ym klientem.<\/p>\n<p style=\"text-align: justify;\"><strong>Wsp\u00f3\u0142praca z mark\u0105 BerdToni\u2122<\/strong><\/p>\n<p style=\"text-align: justify;\">Zostaj\u0105c naszymi klientami, przedsi\u0119biorcy staj\u0105 si\u0119 cz\u0119\u015bci\u0105 naszego grona przyjaci\u00f3\u0142. Oczekuj\u0105 mi\u0142ej i owocnej wsp\u00f3\u0142pracy. W produktach naszej fabryki mo\u017cesz mie\u0107 pewno\u015b\u0107, \u017ce wszystkie ubrania s\u0105 doskona\u0142ej jako\u015bci. Tkaniny dobierane s\u0105 specjalnie do ka\u017cdego modelu, a przy wytwarzaniu produktu poddawane s\u0105 szczeg\u00f3\u0142owej kontroli krawieckiej.<\/p>\n<p style=\"text-align: justify;\">U\u0142atwiamy wyb\u00f3r, je\u015bli chcesz kupi\u0107 spodnie hurtowo, ale nie ma czasu na sprawdzenie ka\u017cdego stylu, nasi menad\u017cerowie ch\u0119tnie pomog\u0105 w skompletowaniu asortymentu, a Ty b\u0119dziesz musia\u0142 go jedynie poprawi\u0107 i zatwierdzi\u0107. Kolekcje s\u0105 aktualizowane poza sezonem, a o wszystkich nowo\u015bciach jako pierwsi dowiaduj\u0105 si\u0119 nasi klienci. Wsp\u00f3lna praca jest op\u0142acalna i zawsze jest do czego d\u0105\u017cy\u0107.<\/p>","protected":false},"excerpt":{"rendered":"<p>Kobiety sukcesu i biznesu uwa\u017cnie monitoruj\u0105 swoj\u0105 garderob\u0119; nie mog\u0105 sobie pozwoli\u0107 na noszenie przestarza\u0142ych styl\u00f3w lub d\u0142ugie pojawianie si\u0119 w spo\u0142ecze\u0144stwie w tych samych...<\/p>","protected":false},"author":1,"featured_media":0,"parent":0,"menu_order":0,"comment_status":"closed","ping_status":"closed","template":"","meta":{"footnotes":""},"class_list":["post-3823","page","type-page","status-publish","hentry"],"_links":{"self":[{"href":"https:\/\/berdtoni.com\/pl\/wp-json\/wp\/v2\/pages\/3823","targetHints":{"allow":["GET"]}}],"collection":[{"href":"https:\/\/berdtoni.com\/pl\/wp-json\/wp\/v2\/pages"}],"about":[{"href":"https:\/\/berdtoni.com\/pl\/wp-json\/wp\/v2\/types\/page"}],"author":[{"embeddable":true,"href":"https:\/\/berdtoni.com\/pl\/wp-json\/wp\/v2\/users\/1"}],"replies":[{"embeddable":true,"href":"https:\/\/berdtoni.com\/pl\/wp-json\/wp\/v2\/comments?post=3823"}],"version-history":[{"count":0,"href":"https:\/\/berdtoni.com\/pl\/wp-json\/wp\/v2\/pages\/3823\/revisions"}],"wp:attachment":[{"href":"https:\/\/berdtoni.com\/pl\/wp-json\/wp\/v2\/media?parent=3823"}],"curies":[{"name":"wp","href":"https:\/\/api.w.org\/{rel}","templated":true}]}}