{"id":6042,"date":"2021-11-17T16:16:20","date_gmt":"2021-11-17T14:16:20","guid":{"rendered":"https:\/\/berdtoni.com\/?post_type=product&#038;p=6042"},"modified":"2022-09-21T21:26:16","modified_gmt":"2022-09-21T18:26:16","slug":"kostyum-20107-2","status":"publish","type":"product","link":"https:\/\/berdtoni.com\/pl\/produkt\/kostyum-20107-2\/","title":{"rendered":"Pozew 20107\/2"},"content":{"rendered":"","protected":false},"excerpt":{"rendered":"<p><strong>Mieszanina:<\/strong> 28% <span class=\"JLqJ4b ChMk0b\" data-language-for-alternatives=\"ru\" data-language-to-translate-into=\"auto\" data-phrase-index=\"0\">bawe\u0142na,<\/span> 70% <span class=\"JLqJ4b ChMk0b\" data-language-for-alternatives=\"ru\" data-language-to-translate-into=\"auto\" data-phrase-index=\"2\">wiskoza,<\/span> 2% <span class=\"JLqJ4b ChMk0b\" data-language-for-alternatives=\"ru\" data-language-to-translate-into=\"auto\" data-phrase-index=\"4\">elastan<br \/>\n<strong>Zakres rozmiar\u00f3w:\u00a0 <\/strong>42-54<br \/>\n<\/span><\/p>\n<p style=\"text-align: justify;\">Bia\u0142y mundur personelu kliniki ju\u017c dawno min\u0105\u0142 i przesta\u0142 mie\u0107 znaczenie. Wi\u0119kszo\u015b\u0107 kraj\u00f3w europejskich i niekt\u00f3re stany w USA ca\u0142kowicie porzuci\u0142y przestarza\u0142e tradycyjne fartuchy dla pracownik\u00f3w s\u0142u\u017cby zdrowia. Nowoczesne technologie produkcji tkanin uczyni\u0142y je bardziej praktycznymi i wytrzyma\u0142ymi, modele sta\u0142y si\u0119 bardziej funkcjonalne, a badania psychologiczne pokazuj\u0105, \u017ce pacjenci maj\u0105 wi\u0119ksze zaufanie do lekarzy, kt\u00f3rych wygl\u0105d jest bardziej elegancki ni\u017c surowy i formalny.<\/p>\n<p style=\"text-align: justify;\">Dzi\u015b mo\u017cna kupi\u0107 kombinezony medyczne w niemal ka\u017cdym kolorze, ale mimo to wizerunek lekarza i piel\u0119gniarki, je\u015bli nie jest to szpital dzieci\u0119cy, powinien pozosta\u0107 klasyczny. Marka MioMed opracowuje designerskie stroje dla personelu klinik, aby kobiety czu\u0142y si\u0119 nie tylko komfortowo, ale tak\u017ce \u015bwietnie wygl\u0105da\u0142y, pomimo zada\u0144, kt\u00f3re wykonuj\u0105 na co dzie\u0144.<\/p>\n<p style=\"text-align: justify;\">Elegancki czarny komplet do spodni z pi\u0119knymi ozdobnymi wstawkami idealnie uk\u0142ada si\u0119 nawet na niedoskona\u0142ej sylwetce. Optycznie ukrywa wszelkie niedoskona\u0142o\u015bci, ods\u0142aniaj\u0105c najatrakcyjniejsze linie cia\u0142a. Jej fason zosta\u0142 zaprojektowany w taki spos\u00f3b, aby podkre\u015bli\u0107 wdzi\u0119k i delikatno\u015b\u0107 kobiecej sylwetki.<\/p>","protected":false},"featured_media":6072,"template":"","meta":[],"product_brand":[],"product_cat":[78,96],"product_tag":[108],"class_list":{"0":"post-6042","1":"product","2":"type-product","3":"status-publish","4":"has-post-thumbnail","6":"product_cat-zhenskaya-mediczinskaya-odezhda","7":"product_cat-odezhda-dlya-salonov-krasoty-i-kabinetov","8":"product_tag-miomed","10":"first","11":"instock","12":"taxable","13":"shipping-taxable","14":"purchasable","15":"product-type-simple","16":"customify-col","17":"product-has-gallery"},"_links":{"self":[{"href":"https:\/\/berdtoni.com\/pl\/wp-json\/wp\/v2\/product\/6042","targetHints":{"allow":["GET"]}}],"collection":[{"href":"https:\/\/berdtoni.com\/pl\/wp-json\/wp\/v2\/product"}],"about":[{"href":"https:\/\/berdtoni.com\/pl\/wp-json\/wp\/v2\/types\/product"}],"wp:featuredmedia":[{"embeddable":true,"href":"https:\/\/berdtoni.com\/pl\/wp-json\/wp\/v2\/media\/6072"}],"wp:attachment":[{"href":"https:\/\/berdtoni.com\/pl\/wp-json\/wp\/v2\/media?parent=6042"}],"wp:term":[{"taxonomy":"product_brand","embeddable":true,"href":"https:\/\/berdtoni.com\/pl\/wp-json\/wp\/v2\/product_brand?post=6042"},{"taxonomy":"product_cat","embeddable":true,"href":"https:\/\/berdtoni.com\/pl\/wp-json\/wp\/v2\/product_cat?post=6042"},{"taxonomy":"product_tag","embeddable":true,"href":"https:\/\/berdtoni.com\/pl\/wp-json\/wp\/v2\/product_tag?post=6042"}],"curies":[{"name":"wp","href":"https:\/\/api.w.org\/{rel}","templated":true}]}}