{"id":6044,"date":"2021-11-17T16:16:20","date_gmt":"2021-11-17T14:16:20","guid":{"rendered":"https:\/\/berdtoni.com\/?post_type=product&#038;p=6044"},"modified":"2022-09-21T21:26:16","modified_gmt":"2022-09-21T18:26:16","slug":"kostyum-20107-5","status":"publish","type":"product","link":"https:\/\/berdtoni.com\/pl\/produkt\/kostyum-20107-5\/","title":{"rendered":"Pozew 20107\/5"},"content":{"rendered":"","protected":false},"excerpt":{"rendered":"<p><strong>Mieszanina:<\/strong> 28% <span class=\"JLqJ4b ChMk0b\" data-language-for-alternatives=\"ru\" data-language-to-translate-into=\"auto\" data-phrase-index=\"0\">bawe\u0142na,<\/span> 70% <span class=\"JLqJ4b ChMk0b\" data-language-for-alternatives=\"ru\" data-language-to-translate-into=\"auto\" data-phrase-index=\"2\">wiskoza,<\/span> 2% <span class=\"JLqJ4b ChMk0b\" data-language-for-alternatives=\"ru\" data-language-to-translate-into=\"auto\" data-phrase-index=\"4\">elastan<br \/>\n<strong>Zakres rozmiar\u00f3w:\u00a0 <\/strong>42-54<br \/>\n<\/span><\/p>\n<p style=\"text-align: justify;\">Odzie\u017c specjalistyczna dla lekarzy musi spe\u0142nia\u0107 okre\u015blone standardy \u2013 by\u0107 praktyczna, gdy\u017c nosi si\u0119 j\u0105 na co dzie\u0144, a jednocze\u015bnie lekarz musi wygl\u0105da\u0107 czysto i schludnie. Powinno by\u0107 w nim wygodnie, ruchy s\u0105 swobodne, a niezb\u0119dne drobiazgi s\u0105 pod r\u0119k\u0105. Oddychaj\u0105ca, przyjemna dla cia\u0142a tkanina pozwoli Ci sp\u0119dzi\u0107 ca\u0142y dzie\u0144 w komforcie. Do wszystkich tych kryteri\u00f3w nale\u017cy doda\u0107 jeszcze jedno, wygl\u0105d pracownika medycznego implikuje pi\u0119kno i elegancj\u0119.<\/p>\n<p style=\"text-align: justify;\">Markowe kombinezony medyczne mo\u017cna kupi\u0107 zar\u00f3wno w sklepach internetowych, jak i stacjonarnych, ale tylko znak firmowy MioMed sprawia, \u017ce personel kliniki wygl\u0105da nie tylko modnie, ale i nieskazitelnie. Zachowanie wytworno\u015bci przez ca\u0142y ci\u0119\u017cki dzie\u0144 pracy to marzenie ka\u017cdej kobiety.<\/p>\n<p style=\"text-align: justify;\">Stylowy str\u00f3j sk\u0142adaj\u0105cy si\u0119 z bluzki i spodni jest biznesowo zwi\u0119z\u0142y i jednocze\u015bnie wspania\u0142y. Doskonale uk\u0142ada si\u0119 na sylwetce, podkre\u015blaj\u0105c pi\u0119kno kobiecej sylwetki. Skr\u00f3cony sweter do po\u0142owy uda zwraca uwag\u0119 na lini\u0119 talii za spraw\u0105 szerokiego paska. B\u0142yszcz\u0105ce wstawki z efektem w\u0119\u017cowej sk\u00f3ry zdobi\u0105 ko\u0142nierz i kieszenie. Spodnie w paski z tej samej tkaniny dope\u0142niaj\u0105 ca\u0142o\u015bci, czyni\u0105c j\u0105 smuk\u0142\u0105 i kobiec\u0105.<\/p>","protected":false},"featured_media":6075,"template":"","meta":[],"product_brand":[],"product_cat":[78,96],"product_tag":[108],"class_list":{"0":"post-6044","1":"product","2":"type-product","3":"status-publish","4":"has-post-thumbnail","6":"product_cat-zhenskaya-mediczinskaya-odezhda","7":"product_cat-odezhda-dlya-salonov-krasoty-i-kabinetov","8":"product_tag-miomed","10":"first","11":"instock","12":"taxable","13":"shipping-taxable","14":"purchasable","15":"product-type-simple","16":"customify-col","17":"product-has-gallery"},"_links":{"self":[{"href":"https:\/\/berdtoni.com\/pl\/wp-json\/wp\/v2\/product\/6044","targetHints":{"allow":["GET"]}}],"collection":[{"href":"https:\/\/berdtoni.com\/pl\/wp-json\/wp\/v2\/product"}],"about":[{"href":"https:\/\/berdtoni.com\/pl\/wp-json\/wp\/v2\/types\/product"}],"wp:featuredmedia":[{"embeddable":true,"href":"https:\/\/berdtoni.com\/pl\/wp-json\/wp\/v2\/media\/6075"}],"wp:attachment":[{"href":"https:\/\/berdtoni.com\/pl\/wp-json\/wp\/v2\/media?parent=6044"}],"wp:term":[{"taxonomy":"product_brand","embeddable":true,"href":"https:\/\/berdtoni.com\/pl\/wp-json\/wp\/v2\/product_brand?post=6044"},{"taxonomy":"product_cat","embeddable":true,"href":"https:\/\/berdtoni.com\/pl\/wp-json\/wp\/v2\/product_cat?post=6044"},{"taxonomy":"product_tag","embeddable":true,"href":"https:\/\/berdtoni.com\/pl\/wp-json\/wp\/v2\/product_tag?post=6044"}],"curies":[{"name":"wp","href":"https:\/\/api.w.org\/{rel}","templated":true}]}}