{"id":6048,"date":"2021-11-17T16:16:20","date_gmt":"2021-11-17T14:16:20","guid":{"rendered":"https:\/\/berdtoni.com\/?post_type=product&#038;p=6048"},"modified":"2022-09-21T21:26:16","modified_gmt":"2022-09-21T18:26:16","slug":"bluza-20107-1","status":"publish","type":"product","link":"https:\/\/berdtoni.com\/pl\/produkt\/bluza-20107-1\/","title":{"rendered":"Bluzka 20107\/1"},"content":{"rendered":"","protected":false},"excerpt":{"rendered":"<p><strong>Mieszanina:<\/strong> 32% bawe\u0142na, 53% wiskoza, 13% poliester, 2% elastan<br \/>\n<strong>Zakres rozmiar\u00f3w:\u00a0 <\/strong>42-54<\/p>\n<p>Tradycyjny bia\u0142y fartuch lekarza ju\u017c dawno przeszed\u0142 do historii. Dzi\u015b personel medyczny mo\u017ce sobie pozwoli\u0107 na znacznie bardziej zr\u00f3\u017cnicowany wygl\u0105d. Garnitury i kombinezony ju\u017c dawno wypar\u0142y nudne suknie, a wizerunek pracownik\u00f3w kliniki sta\u0142 si\u0119 bardziej nowoczesny. W sklepie internetowym MioMed mo\u017cesz nie tylko wybra\u0107 stylowy mundur wed\u0142ug w\u0142asnego gustu, ale tak\u017ce osobno dokupi\u0107 bluzk\u0119 medyczn\u0105, aby zawsze mie\u0107 pod r\u0119k\u0105 ubranie na zmian\u0119.<\/p>\n<p>Zaw\u00f3d lekarza kojarzy si\u0119 z czysto\u015bci\u0105, dok\u0142adno\u015bci\u0105, a ryzyko zabrudze\u0144 jest do\u015b\u0107 du\u017ce. Zawsze wygl\u0105da\u0107 schludnie i jednocze\u015bnie elegancko, to naturalne pragnienie personelu kliniki. Modny, dopasowany do sylwetki str\u00f3j do pracy to niezb\u0119dnik ka\u017cdej kobiety.<\/p>\n<p>Nasza nowa kolekcja zawiera wyrafinowan\u0105 bia\u0142\u0105 bluzk\u0119 jako zmian\u0119 stroju na sytuacje awaryjne. Swoim fasonem podkre\u015bla wdzi\u0119k kobiecego cia\u0142a, k\u0142ad\u0105c nacisk na lini\u0119 talii szerokim wszytym paskiem. P\u00f3\u0142okr\u0105g\u0142y dekolt ko\u0142nierza i kieszeni ozdobiony lam\u00f3wk\u0105 z tkaniny w innym kolorze. Bluzka zapinana na plecach, wykluczaj\u0105ca zb\u0119dne detale z przodu modelki i podkre\u015blaj\u0105ca biznesowy styl lekarza. Wszystkie ubrania wykonane s\u0105 z wysokiej jako\u015bci tkanin, pos\u0142u\u017c\u0105 Twojej gospodyni przez d\u0142ugi czas.<\/p>","protected":false},"featured_media":6081,"template":"","meta":[],"product_brand":[],"product_cat":[78,96],"product_tag":[108],"class_list":{"0":"post-6048","1":"product","2":"type-product","3":"status-publish","4":"has-post-thumbnail","6":"product_cat-zhenskaya-mediczinskaya-odezhda","7":"product_cat-odezhda-dlya-salonov-krasoty-i-kabinetov","8":"product_tag-miomed","10":"first","11":"instock","12":"taxable","13":"shipping-taxable","14":"purchasable","15":"product-type-simple","16":"customify-col","17":"product-has-gallery"},"_links":{"self":[{"href":"https:\/\/berdtoni.com\/pl\/wp-json\/wp\/v2\/product\/6048","targetHints":{"allow":["GET"]}}],"collection":[{"href":"https:\/\/berdtoni.com\/pl\/wp-json\/wp\/v2\/product"}],"about":[{"href":"https:\/\/berdtoni.com\/pl\/wp-json\/wp\/v2\/types\/product"}],"wp:featuredmedia":[{"embeddable":true,"href":"https:\/\/berdtoni.com\/pl\/wp-json\/wp\/v2\/media\/6081"}],"wp:attachment":[{"href":"https:\/\/berdtoni.com\/pl\/wp-json\/wp\/v2\/media?parent=6048"}],"wp:term":[{"taxonomy":"product_brand","embeddable":true,"href":"https:\/\/berdtoni.com\/pl\/wp-json\/wp\/v2\/product_brand?post=6048"},{"taxonomy":"product_cat","embeddable":true,"href":"https:\/\/berdtoni.com\/pl\/wp-json\/wp\/v2\/product_cat?post=6048"},{"taxonomy":"product_tag","embeddable":true,"href":"https:\/\/berdtoni.com\/pl\/wp-json\/wp\/v2\/product_tag?post=6048"}],"curies":[{"name":"wp","href":"https:\/\/api.w.org\/{rel}","templated":true}]}}