{"id":6054,"date":"2021-11-17T16:16:21","date_gmt":"2021-11-17T14:16:21","guid":{"rendered":"https:\/\/berdtoni.com\/?post_type=product&#038;p=6054"},"modified":"2022-09-21T21:26:16","modified_gmt":"2022-09-21T18:26:16","slug":"kostyum-20102-2","status":"publish","type":"product","link":"https:\/\/berdtoni.com\/pl\/produkt\/kostyum-20102-2\/","title":{"rendered":"Pozew 20102\/2"},"content":{"rendered":"","protected":false},"excerpt":{"rendered":"<p><strong>Mieszanina:<\/strong> 28% bawe\u0142na, 70% wiskoza, 2% elastan<br \/>\n<strong>Zakres rozmiar\u00f3w:\u00a0 <\/strong>42-54<\/p>\n<p style=\"text-align: justify;\">Elegancja i nienaganny styl, g\u0142\u00f3wna koncepcja w rozwoju nowych kolekcji marki MioMed. Bierze si\u0119 pod uwag\u0119 ka\u017cdy szczeg\u00f3\u0142 specyfiki pracy personelu medycznego, bierze si\u0119 pod uwag\u0119 czynnik wygody oraz d\u0142ugi, nie zawsze zestandaryzowany czas wykonywania obowi\u0105zk\u00f3w. Po uwzgl\u0119dnieniu wszystkich aspekt\u00f3w praktycznych, str\u00f3j nabiera eleganckiego, modnego wygl\u0105du, dzi\u0119ki czemu wizerunek lekarza jest wspania\u0142y.<\/p>\n<p style=\"text-align: justify;\">Teraz \u0142atwo kupi\u0107 pi\u0119kny kombinezon medyczny. W naszym sklepie internetowym prezentowany jest uroczy dwukolorowy dw\u00f3jka do spodni. Szary kolor bluzki podkre\u015bli formalno\u015b\u0107, r\u00f3\u017cowe spodnie i wstawki na g\u00f3rze stroju powiedz\u0105 o delikatno\u015bci. Fason ten pasuje do ka\u017cdej sylwetki, swobodny kr\u00f3j, podkre\u015blaj\u0105cy g\u0142adkie kr\u0105g\u0142o\u015bci kobiecej talii i linii bioder, nadaje sylwetce kobieco\u015bci.<\/p>\n<p style=\"text-align: justify;\">Model tego kostiumu jest zwi\u0119z\u0142y, a jednocze\u015bnie dodaje kobiecie gracji. Prz\u00f3d ozdobiony pionowymi paskami prezentuje si\u0119 elegancko. Funkcjonalne du\u017ce kieszenie uwolni\u0105 Twoje r\u0119ce od niezb\u0119dnych drobiazg\u00f3w. W\u0105skie lampasy z boku na ca\u0142ej d\u0142ugo\u015bci nogawki podkre\u015blaj\u0105 smuk\u0142o\u015b\u0107 kobiecych n\u00f3g.<\/p>","protected":false},"featured_media":6097,"template":"","meta":[],"product_brand":[],"product_cat":[78,96],"product_tag":[108],"class_list":{"0":"post-6054","1":"product","2":"type-product","3":"status-publish","4":"has-post-thumbnail","6":"product_cat-zhenskaya-mediczinskaya-odezhda","7":"product_cat-odezhda-dlya-salonov-krasoty-i-kabinetov","8":"product_tag-miomed","10":"first","11":"instock","12":"taxable","13":"shipping-taxable","14":"purchasable","15":"product-type-simple","16":"customify-col","17":"product-has-gallery"},"_links":{"self":[{"href":"https:\/\/berdtoni.com\/pl\/wp-json\/wp\/v2\/product\/6054","targetHints":{"allow":["GET"]}}],"collection":[{"href":"https:\/\/berdtoni.com\/pl\/wp-json\/wp\/v2\/product"}],"about":[{"href":"https:\/\/berdtoni.com\/pl\/wp-json\/wp\/v2\/types\/product"}],"wp:featuredmedia":[{"embeddable":true,"href":"https:\/\/berdtoni.com\/pl\/wp-json\/wp\/v2\/media\/6097"}],"wp:attachment":[{"href":"https:\/\/berdtoni.com\/pl\/wp-json\/wp\/v2\/media?parent=6054"}],"wp:term":[{"taxonomy":"product_brand","embeddable":true,"href":"https:\/\/berdtoni.com\/pl\/wp-json\/wp\/v2\/product_brand?post=6054"},{"taxonomy":"product_cat","embeddable":true,"href":"https:\/\/berdtoni.com\/pl\/wp-json\/wp\/v2\/product_cat?post=6054"},{"taxonomy":"product_tag","embeddable":true,"href":"https:\/\/berdtoni.com\/pl\/wp-json\/wp\/v2\/product_tag?post=6054"}],"curies":[{"name":"wp","href":"https:\/\/api.w.org\/{rel}","templated":true}]}}