{"id":6056,"date":"2021-11-17T16:16:21","date_gmt":"2021-11-17T14:16:21","guid":{"rendered":"https:\/\/berdtoni.com\/?post_type=product&#038;p=6056"},"modified":"2022-09-21T21:26:16","modified_gmt":"2022-09-21T18:26:16","slug":"kostyum-20102-1","status":"publish","type":"product","link":"https:\/\/berdtoni.com\/pl\/produkt\/kostyum-20102-1\/","title":{"rendered":"Pozew 20102\/1"},"content":{"rendered":"","protected":false},"excerpt":{"rendered":"<p><strong>Mieszanina:<\/strong> 32% bawe\u0142na, 53% wiskoza, 13% poliester, 2% elastan<br \/>\n<strong>Zakres rozmiar\u00f3w:\u00a0 <\/strong>42-54<\/p>\n<p style=\"text-align: justify;\">Niesamowity wygl\u0105d w pracy to naturalne d\u0105\u017cenie ka\u017cdej kobiety. Zrealizowanie takiego marzenia jest do\u015b\u0107 trudne, je\u015bli zaw\u00f3d nale\u017cy do dziedziny medycyny. Cz\u0119sto przyj\u0119ty mundur jest praktyczny, ale pi\u0119kno styl\u00f3w nie jest inne. Marka MioMed zatroszczy\u0142a si\u0119 o personel klinik, teraz bez w\u0105tpienia mo\u017cna kupi\u0107 kombinezon medyczny, stworzony z uwzgl\u0119dnieniem najnowszych trend\u00f3w w \u015bwiecie mody.<\/p>\n<p style=\"text-align: justify;\">Elegancki komplet spodniowy w \u015bnie\u017cnobia\u0142ym kolorze, prezentowany w rozmiarach od 42 do 54. Jego fason jest wspaniale przemy\u015blany, aby podkre\u015bli\u0107 wszystkie atuty kobiecej sylwetki i stworzy\u0107 prosty, nieco formalny wizerunek personelu medycznego.<\/p>\n<p style=\"text-align: justify;\">Bluzka z r\u0119kawami do \u0142okcia, ozdobiona dwoma pionowymi liniami, si\u0119gaj\u0105cymi do wszytego szerokiego paska. Funkcjonalne kieszenie sprawi\u0105, \u017ce Twoje r\u0119ce b\u0119d\u0105 zawsze wolne, a jednocze\u015bnie b\u0119dziesz mie\u0107 przy sobie niezb\u0119dne drobiazgi. Mi\u0119kki p\u00f3\u0142okr\u0105g\u0142y d\u00f3\u0142 bluzki si\u0119ga do po\u0142owy uda. Ca\u0142o\u015b\u0107 uzupe\u0142niaj\u0105 spodnie do kostek.<\/p>\n<p style=\"text-align: justify;\">Zawsze b\u0105d\u017a pi\u0119kna i wygl\u0105daj stylowo, nawet je\u015bli dzie\u0144 nie by\u0142 \u0142atwy, teraz jest \u0142atwo. Znakomicie ubrana kobieta wprawia w dobry nastr\u00f3j i jest w cudownym nastroju.<\/p>","protected":false},"featured_media":6100,"template":"","meta":[],"product_brand":[],"product_cat":[78,96],"product_tag":[108],"class_list":{"0":"post-6056","1":"product","2":"type-product","3":"status-publish","4":"has-post-thumbnail","6":"product_cat-zhenskaya-mediczinskaya-odezhda","7":"product_cat-odezhda-dlya-salonov-krasoty-i-kabinetov","8":"product_tag-miomed","10":"first","11":"instock","12":"taxable","13":"shipping-taxable","14":"purchasable","15":"product-type-simple","16":"customify-col","17":"product-has-gallery"},"_links":{"self":[{"href":"https:\/\/berdtoni.com\/pl\/wp-json\/wp\/v2\/product\/6056","targetHints":{"allow":["GET"]}}],"collection":[{"href":"https:\/\/berdtoni.com\/pl\/wp-json\/wp\/v2\/product"}],"about":[{"href":"https:\/\/berdtoni.com\/pl\/wp-json\/wp\/v2\/types\/product"}],"wp:featuredmedia":[{"embeddable":true,"href":"https:\/\/berdtoni.com\/pl\/wp-json\/wp\/v2\/media\/6100"}],"wp:attachment":[{"href":"https:\/\/berdtoni.com\/pl\/wp-json\/wp\/v2\/media?parent=6056"}],"wp:term":[{"taxonomy":"product_brand","embeddable":true,"href":"https:\/\/berdtoni.com\/pl\/wp-json\/wp\/v2\/product_brand?post=6056"},{"taxonomy":"product_cat","embeddable":true,"href":"https:\/\/berdtoni.com\/pl\/wp-json\/wp\/v2\/product_cat?post=6056"},{"taxonomy":"product_tag","embeddable":true,"href":"https:\/\/berdtoni.com\/pl\/wp-json\/wp\/v2\/product_tag?post=6056"}],"curies":[{"name":"wp","href":"https:\/\/api.w.org\/{rel}","templated":true}]}}