{"id":6060,"date":"2021-11-17T16:16:21","date_gmt":"2021-11-17T14:16:21","guid":{"rendered":"https:\/\/berdtoni.com\/?post_type=product&#038;p=6060"},"modified":"2022-09-21T21:26:16","modified_gmt":"2022-09-21T18:26:16","slug":"komplekt-20101-4","status":"publish","type":"product","link":"https:\/\/berdtoni.com\/pl\/produkt\/komplekt-20101-4\/","title":{"rendered":"Zestaw 20101\/4"},"content":{"rendered":"","protected":false},"excerpt":{"rendered":"<p><strong>Mieszanina:<\/strong> 28% bawe\u0142na, 70% wiskoza, 2% elastan<br \/>\n<strong>Zakres rozmiar\u00f3w:\u00a0 <\/strong>42-54<\/p>\n<p style=\"text-align: justify;\">S\u0142owo mundur sugeruje co\u015b ustandaryzowanego, niezbyt pi\u0119knego, ale praktycznego. Po prostu specjalistyczna odzie\u017c przystosowana do wykonywania okre\u015blonych zada\u0144. Marka MioMed prze\u0142amuje te stereotypy, teraz garnitury dla pracownik\u00f3w medycznych sta\u0142y si\u0119 nie tylko funkcjonalne, ale i stylowe. Elegancki wygl\u0105d w pracy to marzenie ka\u017cdej kobiety.<\/p>\n<p style=\"text-align: justify;\">Zakup apteczki, sk\u0142adaj\u0105cej si\u0119 ze spodni i bluzki, kt\u00f3ra pasuje do sylwetki i wygl\u0105da modnie, nie stanowi dzi\u015b problemu. Surowy, a jednocze\u015bnie elegancki garnitur w intensywnym szarym kolorze rozja\u015bni nawet najci\u0119\u017cszy dzie\u0144 pracy.<\/p>\n<p style=\"text-align: justify;\">G\u00f3rna cz\u0119\u015b\u0107 kostiumu jest skrojona w taki spos\u00f3b, aby podkre\u015bli\u0107 wszystkie atuty kobiecej sylwetki i ukry\u0107 ewentualne mankamenty. Na piersi zaszyta plisa z zamkiem po\u015brodku, lakoniczna ozdoba bluzki. Praktycznym dodatkiem tego modelu s\u0105 cztery du\u017ce kieszenie, z kt\u00f3rych dwie s\u0105 zapinane. Doln\u0105 cz\u0119\u015b\u0107 stroju stanowi\u0105 obcis\u0142e spodnie, kt\u00f3re swobodnie uk\u0142adaj\u0105 si\u0119 na sylwetce i podkre\u015blaj\u0105 kobieco\u015b\u0107.<\/p>","protected":false},"featured_media":6114,"template":"","meta":[],"product_brand":[],"product_cat":[78,96],"product_tag":[108],"class_list":{"0":"post-6060","1":"product","2":"type-product","3":"status-publish","4":"has-post-thumbnail","6":"product_cat-zhenskaya-mediczinskaya-odezhda","7":"product_cat-odezhda-dlya-salonov-krasoty-i-kabinetov","8":"product_tag-miomed","10":"first","11":"instock","12":"taxable","13":"shipping-taxable","14":"purchasable","15":"product-type-simple","16":"customify-col","17":"product-has-gallery"},"_links":{"self":[{"href":"https:\/\/berdtoni.com\/pl\/wp-json\/wp\/v2\/product\/6060","targetHints":{"allow":["GET"]}}],"collection":[{"href":"https:\/\/berdtoni.com\/pl\/wp-json\/wp\/v2\/product"}],"about":[{"href":"https:\/\/berdtoni.com\/pl\/wp-json\/wp\/v2\/types\/product"}],"wp:featuredmedia":[{"embeddable":true,"href":"https:\/\/berdtoni.com\/pl\/wp-json\/wp\/v2\/media\/6114"}],"wp:attachment":[{"href":"https:\/\/berdtoni.com\/pl\/wp-json\/wp\/v2\/media?parent=6060"}],"wp:term":[{"taxonomy":"product_brand","embeddable":true,"href":"https:\/\/berdtoni.com\/pl\/wp-json\/wp\/v2\/product_brand?post=6060"},{"taxonomy":"product_cat","embeddable":true,"href":"https:\/\/berdtoni.com\/pl\/wp-json\/wp\/v2\/product_cat?post=6060"},{"taxonomy":"product_tag","embeddable":true,"href":"https:\/\/berdtoni.com\/pl\/wp-json\/wp\/v2\/product_tag?post=6060"}],"curies":[{"name":"wp","href":"https:\/\/api.w.org\/{rel}","templated":true}]}}