{"id":6062,"date":"2021-11-17T16:16:21","date_gmt":"2021-11-17T14:16:21","guid":{"rendered":"https:\/\/berdtoni.com\/?post_type=product&#038;p=6062"},"modified":"2022-09-21T21:26:16","modified_gmt":"2022-09-21T18:26:16","slug":"kostyum-20101-3","status":"publish","type":"product","link":"https:\/\/berdtoni.com\/pl\/produkt\/kostyum-20101-3\/","title":{"rendered":"Pozew 20101\/3"},"content":{"rendered":"","protected":false},"excerpt":{"rendered":"<p><strong>Mieszanina:<\/strong> 28% bawe\u0142na, 70% wiskoza, 2% elastan<br \/>\n<strong>Zakres rozmiar\u00f3w:\u00a0 <\/strong>42-54<\/p>\n<p style=\"text-align: justify;\">Sklep internetowy marki MioMed opracowuje markow\u0105 odzie\u017c dla pracownik\u00f3w plac\u00f3wek medycznych oraz r\u00f3\u017cnych pracownik\u00f3w klinik. Nasi projektanci mody d\u0105\u017c\u0105 do stworzenia wizerunku lekarza lub piel\u0119gniarki, kt\u00f3ry wygl\u0105da stylowo i nowocze\u015bnie. Kobieta w eleganckim stroju czuje si\u0119 pi\u0119knie, a ka\u017cdy model jest przemy\u015blany nie tylko pod k\u0105tem estetycznego pi\u0119kna, ale r\u00f3wnie\u017c funkcjonalno\u015bci.<\/p>\n<p style=\"text-align: justify;\">Przegl\u0105daj\u0105c nowe kolekcje na \u0142amach serwisu bez problemu wybierzesz i kupisz kombinezon medyczny, kt\u00f3ry podkre\u015bli kobieco\u015b\u0107 i dopasuje si\u0119 do Twojej sylwetki. Ten model jest wykonany w ciemnoniebieskim kolorze. Zw\u0119\u017cane ku do\u0142owi spodnie doskonale podkre\u015blaj\u0105 lini\u0119 bioder, nie kr\u0119puj\u0105c przy tym zwyk\u0142ych ruch\u00f3w. Bluzka z p\u00f3\u0142okr\u0105g\u0142ym dekoltem i kr\u00f3tkimi r\u0119kawami doskonale uzupe\u0142nia wizerunek nowoczesnego pracownika medycznego, czyni\u0105c go jednocze\u015bnie surowym i eleganckim. Zapinane na zamek kieszenie pozwalaj\u0105 trzyma\u0107 wszystkie niezb\u0119dne rzeczy pod r\u0119k\u0105.<\/p>\n<p style=\"text-align: justify;\">Personel kliniki, ubrany w modne uniformy, stanie si\u0119 wizyt\u00f3wk\u0105, znakiem rozpoznawczym ka\u017cdej instytucji. Zadbani i schludni pracownicy ciesz\u0105 oko pacjenta. Sami lekarze, ubrani po uszy, czuj\u0105 si\u0119 pewni siebie i pi\u0119kni.<\/p>","protected":false},"featured_media":6117,"template":"","meta":[],"product_brand":[],"product_cat":[78,96],"product_tag":[108],"class_list":{"0":"post-6062","1":"product","2":"type-product","3":"status-publish","4":"has-post-thumbnail","6":"product_cat-zhenskaya-mediczinskaya-odezhda","7":"product_cat-odezhda-dlya-salonov-krasoty-i-kabinetov","8":"product_tag-miomed","10":"first","11":"instock","12":"taxable","13":"shipping-taxable","14":"purchasable","15":"product-type-simple","16":"customify-col","17":"product-has-gallery"},"_links":{"self":[{"href":"https:\/\/berdtoni.com\/pl\/wp-json\/wp\/v2\/product\/6062","targetHints":{"allow":["GET"]}}],"collection":[{"href":"https:\/\/berdtoni.com\/pl\/wp-json\/wp\/v2\/product"}],"about":[{"href":"https:\/\/berdtoni.com\/pl\/wp-json\/wp\/v2\/types\/product"}],"wp:featuredmedia":[{"embeddable":true,"href":"https:\/\/berdtoni.com\/pl\/wp-json\/wp\/v2\/media\/6117"}],"wp:attachment":[{"href":"https:\/\/berdtoni.com\/pl\/wp-json\/wp\/v2\/media?parent=6062"}],"wp:term":[{"taxonomy":"product_brand","embeddable":true,"href":"https:\/\/berdtoni.com\/pl\/wp-json\/wp\/v2\/product_brand?post=6062"},{"taxonomy":"product_cat","embeddable":true,"href":"https:\/\/berdtoni.com\/pl\/wp-json\/wp\/v2\/product_cat?post=6062"},{"taxonomy":"product_tag","embeddable":true,"href":"https:\/\/berdtoni.com\/pl\/wp-json\/wp\/v2\/product_tag?post=6062"}],"curies":[{"name":"wp","href":"https:\/\/api.w.org\/{rel}","templated":true}]}}