{"id":6066,"date":"2021-11-17T16:16:21","date_gmt":"2021-11-17T14:16:21","guid":{"rendered":"https:\/\/berdtoni.com\/?post_type=product&#038;p=6066"},"modified":"2022-09-21T21:26:16","modified_gmt":"2022-09-21T18:26:16","slug":"kostyum-20101-2","status":"publish","type":"product","link":"https:\/\/berdtoni.com\/pl\/produkt\/kostyum-20101-2\/","title":{"rendered":"Pozew 20101\/2"},"content":{"rendered":"","protected":false},"excerpt":{"rendered":"<p><strong>Mieszanina:<\/strong> 28% bawe\u0142na, 70% wiskoza, 2% elastan<br \/>\n<strong>Zakres rozmiar\u00f3w:\u00a0 <\/strong>42-54<\/p>\n<p style=\"text-align: justify;\">Zakup idealnie dopasowanego do sylwetki kombinezonu medycznego sta\u0142 si\u0119 dzi\u015b mo\u017cliwy. Marka MioMed projektuje i szyje kolekcje odzie\u017cy specjalnie dla personelu kliniki. W takim stroju do pracy panie b\u0119d\u0105 wygl\u0105da\u0107 elegancko i wytwornie, a wygl\u0105d ca\u0142ego pracuj\u0105cego zespo\u0142u zmieni si\u0119 i stanie si\u0119 znakiem rozpoznawczym instytucji.<\/p>\n<p style=\"text-align: justify;\">Stylowy model spodni na ciep\u0142\u0105 por\u0119 roku, wykonany w kolorze czarnym, takie podej\u015bcie prze\u0142amuje stereotypy dotycz\u0105ce munduru pracownik\u00f3w medycznych, ale mimo to str\u00f3j pozostaje praktyczny i wypada korzystnie w por\u00f3wnaniu ze zwyk\u0142ymi bezkszta\u0142tnymi kombinezonami. Jego elegancj\u0119 wida\u0107 na pierwszy rzut oka.<\/p>\n<p style=\"text-align: justify;\">Designerski komplet spodni sk\u0142ada si\u0119 z dopasowanej bluzki z kr\u00f3tkimi r\u0119kawami, p\u00f3\u0142okr\u0105g\u0142ym dekoltem zapinanym na zamek b\u0142yskawiczny i ozdobionej naszyt\u0105 ozdobn\u0105 plis\u0105. Wszyty szeroki pasek podkre\u015bla tali\u0119. Du\u017ce, funkcjonalne kieszenie naturalnie dopasowuj\u0105 si\u0119 do sylwetki. Fason spodni ze zw\u0119\u017conymi do do\u0142u, lekko skr\u00f3conymi spodniami dope\u0142nia ca\u0142o\u015bci obrazu, nadaj\u0105c mu lakonicznej kobieco\u015bci. Praca w takim garniturze jest przyjemna i \u0142atwa, bez wzgl\u0119du na to, jakie zadania masz do wykonania.<\/p>","protected":false},"featured_media":6131,"template":"","meta":[],"product_brand":[],"product_cat":[78,96],"product_tag":[108],"class_list":{"0":"post-6066","1":"product","2":"type-product","3":"status-publish","4":"has-post-thumbnail","6":"product_cat-zhenskaya-mediczinskaya-odezhda","7":"product_cat-odezhda-dlya-salonov-krasoty-i-kabinetov","8":"product_tag-miomed","10":"first","11":"instock","12":"taxable","13":"shipping-taxable","14":"purchasable","15":"product-type-simple","16":"customify-col","17":"product-has-gallery"},"_links":{"self":[{"href":"https:\/\/berdtoni.com\/pl\/wp-json\/wp\/v2\/product\/6066","targetHints":{"allow":["GET"]}}],"collection":[{"href":"https:\/\/berdtoni.com\/pl\/wp-json\/wp\/v2\/product"}],"about":[{"href":"https:\/\/berdtoni.com\/pl\/wp-json\/wp\/v2\/types\/product"}],"wp:featuredmedia":[{"embeddable":true,"href":"https:\/\/berdtoni.com\/pl\/wp-json\/wp\/v2\/media\/6131"}],"wp:attachment":[{"href":"https:\/\/berdtoni.com\/pl\/wp-json\/wp\/v2\/media?parent=6066"}],"wp:term":[{"taxonomy":"product_brand","embeddable":true,"href":"https:\/\/berdtoni.com\/pl\/wp-json\/wp\/v2\/product_brand?post=6066"},{"taxonomy":"product_cat","embeddable":true,"href":"https:\/\/berdtoni.com\/pl\/wp-json\/wp\/v2\/product_cat?post=6066"},{"taxonomy":"product_tag","embeddable":true,"href":"https:\/\/berdtoni.com\/pl\/wp-json\/wp\/v2\/product_tag?post=6066"}],"curies":[{"name":"wp","href":"https:\/\/api.w.org\/{rel}","templated":true}]}}