{"id":6068,"date":"2021-11-17T16:16:21","date_gmt":"2021-11-17T14:16:21","guid":{"rendered":"https:\/\/berdtoni.com\/?post_type=product&#038;p=6068"},"modified":"2022-09-21T21:26:16","modified_gmt":"2022-09-21T18:26:16","slug":"kostyum-20106-2","status":"publish","type":"product","link":"https:\/\/berdtoni.com\/pl\/produkt\/kostyum-20106-2\/","title":{"rendered":"Pozew 20106\/2"},"content":{"rendered":"","protected":false},"excerpt":{"rendered":"<p><strong>Mieszanina:<\/strong> 28% bawe\u0142na, 70% wiskoza, 2% elastan<br \/>\n<strong>Zakres rozmiar\u00f3w:\u00a0 <\/strong>42-54<\/p>\n<p style=\"text-align: justify;\">Stylowy wygl\u0105d personelu medycznego mo\u017ce sta\u0107 si\u0119 znakiem rozpoznawczym ca\u0142ej kliniki. Pacjenci s\u0105 zachwyceni, gdy lekarze i piel\u0119gniarki wygl\u0105daj\u0105 jak modelki z magazyn\u00f3w o modzie. Prze\u0142ama\u0107 monotoni\u0119 i zamieni\u0107 prac\u0119 w wakacje, taki cel przy\u015bwieca\u0142 naszym projektantom ubra\u0144 dla lekarzy.<\/p>\n<p style=\"text-align: justify;\">Elegancki komplet do spodni w intensywnym szarym kolorze zrobi wra\u017cenie na wi\u0119kszo\u015bci kobiet. \u0141\u0105czy w sobie wdzi\u0119k i surowo\u015b\u0107, kobieco\u015b\u0107 i wyrafinowanie. Bluzka ozdobiona jest przeszyciami wzd\u0142u\u017c przedniej listwy a\u017c do wszytego w talii paska. Zapi\u0119cie na zamek b\u0142yskawiczny u\u0142atwia ubieranie. D\u00f3\u0142 bluzki zako\u0144czony jest p\u00f3\u0142okr\u0105g\u0142ym kokardk\u0105, podkre\u015blaj\u0105c\u0105 mi\u0119kko\u015b\u0107 linii. Spodnie o kroju slim idealnie dopasowuj\u0105 si\u0119 do sylwetki, podkre\u015blaj\u0105c biodra. Dla wygody w dolnej cz\u0119\u015bci nogawki w okolicy kostki wszyty jest zamek b\u0142yskawiczny, dzi\u0119ki czemu styl zachowuje sw\u00f3j idealny kszta\u0142t. Sylwetka jako ca\u0142o\u015b\u0107 oddaje mi\u0119kko\u015b\u0107 i kobieco\u015b\u0107, zachowuj\u0105c jednocze\u015bnie surowy, roboczy wygl\u0105d.<\/p>\n<p style=\"text-align: justify;\">Kupowanie kombinezonu medycznego nigdy nie by\u0142o \u0142atwiejsze. O perfekcyjny wygl\u0105d personelu kliniki dba sklep internetowy MioMed. Wszystkie modele uszyte s\u0105 z doskona\u0142ej jako\u015bci tkanin, dzi\u0119ki czemu pos\u0142u\u017c\u0105 przez d\u0142ugi czas i zachwyc\u0105 swoich w\u0142a\u015bcicieli o ka\u017cdej porze roku.<\/p>","protected":false},"featured_media":6134,"template":"","meta":[],"product_brand":[],"product_cat":[78,96],"product_tag":[108],"class_list":{"0":"post-6068","1":"product","2":"type-product","3":"status-publish","4":"has-post-thumbnail","6":"product_cat-zhenskaya-mediczinskaya-odezhda","7":"product_cat-odezhda-dlya-salonov-krasoty-i-kabinetov","8":"product_tag-miomed","10":"first","11":"instock","12":"taxable","13":"shipping-taxable","14":"purchasable","15":"product-type-simple","16":"customify-col","17":"product-has-gallery"},"_links":{"self":[{"href":"https:\/\/berdtoni.com\/pl\/wp-json\/wp\/v2\/product\/6068","targetHints":{"allow":["GET"]}}],"collection":[{"href":"https:\/\/berdtoni.com\/pl\/wp-json\/wp\/v2\/product"}],"about":[{"href":"https:\/\/berdtoni.com\/pl\/wp-json\/wp\/v2\/types\/product"}],"wp:featuredmedia":[{"embeddable":true,"href":"https:\/\/berdtoni.com\/pl\/wp-json\/wp\/v2\/media\/6134"}],"wp:attachment":[{"href":"https:\/\/berdtoni.com\/pl\/wp-json\/wp\/v2\/media?parent=6068"}],"wp:term":[{"taxonomy":"product_brand","embeddable":true,"href":"https:\/\/berdtoni.com\/pl\/wp-json\/wp\/v2\/product_brand?post=6068"},{"taxonomy":"product_cat","embeddable":true,"href":"https:\/\/berdtoni.com\/pl\/wp-json\/wp\/v2\/product_cat?post=6068"},{"taxonomy":"product_tag","embeddable":true,"href":"https:\/\/berdtoni.com\/pl\/wp-json\/wp\/v2\/product_tag?post=6068"}],"curies":[{"name":"wp","href":"https:\/\/api.w.org\/{rel}","templated":true}]}}