{"id":6070,"date":"2021-11-17T16:16:21","date_gmt":"2021-11-17T14:16:21","guid":{"rendered":"https:\/\/berdtoni.com\/?post_type=product&#038;p=6070"},"modified":"2022-09-21T21:26:16","modified_gmt":"2022-09-21T18:26:16","slug":"kostyum-20106-1","status":"publish","type":"product","link":"https:\/\/berdtoni.com\/pl\/produkt\/kostyum-20106-1\/","title":{"rendered":"Pozew 20106\/1"},"content":{"rendered":"","protected":false},"excerpt":{"rendered":"<p><strong>Mieszanina:<\/strong> 32% bawe\u0142na, 53% wiskoza, 13% poliester, 2% elastan<br \/>\n<strong>Zakres rozmiar\u00f3w:\u00a0 <\/strong>42-54<\/p>\n<p style=\"text-align: justify;\">Nienaganny wygl\u0105d to marzenie ka\u017cdej kobiety, bez wzgl\u0119du na to, jakiemu zawodowi po\u015bwi\u0119ca swoje \u017cycie. Zwyczajem pracownik\u00f3w medycznych jest noszenie specjalistycznych mundur\u00f3w, kt\u00f3re nie zawsze wygl\u0105daj\u0105 tak pi\u0119knie, jak by sobie tego \u017cyczyli.<\/p>\n<p style=\"text-align: justify;\">Sklep internetowy MioMed oferuje wspania\u0142y wyb\u00f3r nowej markowej odzie\u017cy dla pracownik\u00f3w s\u0142u\u017cby zdrowia. Elegancki wygl\u0105d ka\u017cdego dnia jest teraz \u0142atwy.<\/p>\n<p style=\"text-align: justify;\">Teraz \u0142atwo kupi\u0107 kombinezon medyczny, kt\u00f3ry podkre\u015bla kobieco\u015b\u0107. Cudowny str\u00f3j dw\u00f3jki w \u015bnie\u017cnobia\u0142ym kolorze sprawi, \u017ce wygl\u0105d medyka b\u0119dzie czaruj\u0105cy. Wyrafinowana bluzka z p\u00f3\u0142okr\u0105g\u0142ym ko\u0142nierzykiem i zapi\u0119ciem z przodu na zamek wdzi\u0119cznie podkre\u015bla kr\u0105g\u0142o\u015b\u0107 biustu. Wbudowany pasek pod\u0105\u017ca za krzywizn\u0105 talii, a p\u00f3\u0142okr\u0105g\u0142a listwa dope\u0142nia stylowy wygl\u0105d. Spodnie o skr\u00f3conym kroju, zw\u0119\u017cane ku do\u0142owi, zako\u0144czone ma\u0142ym mankietem, z boku wszyty zamek u\u0142atwiaj\u0105cy ubieranie.<\/p>\n<p style=\"text-align: justify;\">Prosty i elegancki styl ubioru sprawia rado\u015b\u0107 w pracy, bez wzgl\u0119du na to, jak ci\u0119\u017cki jest dzie\u0144. Przystojny lekarz jest podziwiany przez pacjent\u00f3w, poprawiaj\u0105c nastr\u00f3j sobie i innym. Personel kliniki zas\u0142uguje na to, by wygl\u0105da\u0107 uroczo.<\/p>","protected":false},"featured_media":6137,"template":"","meta":[],"product_brand":[],"product_cat":[78,96],"product_tag":[108],"class_list":{"0":"post-6070","1":"product","2":"type-product","3":"status-publish","4":"has-post-thumbnail","6":"product_cat-zhenskaya-mediczinskaya-odezhda","7":"product_cat-odezhda-dlya-salonov-krasoty-i-kabinetov","8":"product_tag-miomed","10":"first","11":"instock","12":"taxable","13":"shipping-taxable","14":"purchasable","15":"product-type-simple","16":"customify-col","17":"product-has-gallery"},"_links":{"self":[{"href":"https:\/\/berdtoni.com\/pl\/wp-json\/wp\/v2\/product\/6070","targetHints":{"allow":["GET"]}}],"collection":[{"href":"https:\/\/berdtoni.com\/pl\/wp-json\/wp\/v2\/product"}],"about":[{"href":"https:\/\/berdtoni.com\/pl\/wp-json\/wp\/v2\/types\/product"}],"wp:featuredmedia":[{"embeddable":true,"href":"https:\/\/berdtoni.com\/pl\/wp-json\/wp\/v2\/media\/6137"}],"wp:attachment":[{"href":"https:\/\/berdtoni.com\/pl\/wp-json\/wp\/v2\/media?parent=6070"}],"wp:term":[{"taxonomy":"product_brand","embeddable":true,"href":"https:\/\/berdtoni.com\/pl\/wp-json\/wp\/v2\/product_brand?post=6070"},{"taxonomy":"product_cat","embeddable":true,"href":"https:\/\/berdtoni.com\/pl\/wp-json\/wp\/v2\/product_cat?post=6070"},{"taxonomy":"product_tag","embeddable":true,"href":"https:\/\/berdtoni.com\/pl\/wp-json\/wp\/v2\/product_tag?post=6070"}],"curies":[{"name":"wp","href":"https:\/\/api.w.org\/{rel}","templated":true}]}}