{"id":6086,"date":"2021-11-17T16:16:46","date_gmt":"2021-11-17T14:16:46","guid":{"rendered":"https:\/\/berdtoni.com\/?post_type=product&#038;p=6086"},"modified":"2022-09-21T21:26:16","modified_gmt":"2022-09-21T18:26:16","slug":"kostyum-20111-1","status":"publish","type":"product","link":"https:\/\/berdtoni.com\/pl\/produkt\/kostyum-20111-1\/","title":{"rendered":"Pozew 20111\/1"},"content":{"rendered":"","protected":false},"excerpt":{"rendered":"<p><strong>Mieszanina:<\/strong> 32% bawe\u0142na, 53% wiskoza, 13% poliester, 2% elastan<br \/>\n<strong>Zakres rozmiar\u00f3w:\u00a0<\/strong> 42-54<\/p>\n<p style=\"text-align: justify;\">Schludno\u015b\u0107 i czysto\u015b\u0107 s\u0105 tym, co wielu osobom kojarzy si\u0119 z lekarzem lub innym pracownikiem medycznym. Ich wizerunek uciele\u015bnia sterylno\u015b\u0107 i spok\u00f3j. Ubi\u00f3r podtrzymuje ten stereotyp, bia\u0142y fartuch, zawsze schludny i schludny wygl\u0105d.<\/p>\n<p style=\"text-align: justify;\">\u0141adny wygl\u0105d w pracy to nie wszystko, czego pragn\u0105 kobiety. Ich wizerunek powinien by\u0107 r\u00f3wnie\u017c stylowy, modny i wyrafinowany. W kolekcjach marki MioMed znajduj\u0105 si\u0119 modele, kt\u00f3re zadowol\u0105 najbardziej wymagaj\u0105cych klient\u00f3w.<\/p>\n<p style=\"text-align: justify;\">Teraz mo\u017cna kupi\u0107 markowy kombinezon medyczny. Elegancki komplet bia\u0142ych spodni dla lekarzy sprawi, \u017ce ka\u017cdy dzie\u0144 pracy b\u0119dzie triumfem stylu. Lekko dopasowana bluzka z kr\u00f3tkimi r\u0119kawami, ozdobiona poziomymi przeszyciami i uko\u015bnymi kieszeniami wzd\u0142u\u017c linii talii. Taki kr\u00f3j nadaje sylwetce g\u0142adko\u015bci, kobieco\u015bci, ukrywaj\u0105c ewentualne mankamenty. Spodnie skinny ozdobione s\u0105 uko\u015bnymi wstawkami, co podkre\u015bla oryginalno\u015b\u0107 ca\u0142ego wizerunku. Cztery du\u017ce kieszenie pozwol\u0105 mie\u0107 wszystkie niezb\u0119dne drobiazgi pod r\u0119k\u0105.<\/p>\n<p style=\"text-align: justify;\">Kiedy pacjent trafia do kliniki, pojawienie si\u0119 lekarzy powinno da\u0107 mu spok\u00f3j ducha i sprawi\u0107 przyjemno\u015b\u0107 estetyczn\u0105. Pi\u0119kno i pozytywne nastawienie to po\u0142owa drogi do wyzdrowienia.<\/p>","protected":false},"featured_media":6151,"template":"","meta":[],"product_brand":[],"product_cat":[78,96],"product_tag":[108],"class_list":{"0":"post-6086","1":"product","2":"type-product","3":"status-publish","4":"has-post-thumbnail","6":"product_cat-zhenskaya-mediczinskaya-odezhda","7":"product_cat-odezhda-dlya-salonov-krasoty-i-kabinetov","8":"product_tag-miomed","10":"first","11":"instock","12":"taxable","13":"shipping-taxable","14":"purchasable","15":"product-type-simple","16":"customify-col","17":"product-has-gallery"},"_links":{"self":[{"href":"https:\/\/berdtoni.com\/pl\/wp-json\/wp\/v2\/product\/6086","targetHints":{"allow":["GET"]}}],"collection":[{"href":"https:\/\/berdtoni.com\/pl\/wp-json\/wp\/v2\/product"}],"about":[{"href":"https:\/\/berdtoni.com\/pl\/wp-json\/wp\/v2\/types\/product"}],"wp:featuredmedia":[{"embeddable":true,"href":"https:\/\/berdtoni.com\/pl\/wp-json\/wp\/v2\/media\/6151"}],"wp:attachment":[{"href":"https:\/\/berdtoni.com\/pl\/wp-json\/wp\/v2\/media?parent=6086"}],"wp:term":[{"taxonomy":"product_brand","embeddable":true,"href":"https:\/\/berdtoni.com\/pl\/wp-json\/wp\/v2\/product_brand?post=6086"},{"taxonomy":"product_cat","embeddable":true,"href":"https:\/\/berdtoni.com\/pl\/wp-json\/wp\/v2\/product_cat?post=6086"},{"taxonomy":"product_tag","embeddable":true,"href":"https:\/\/berdtoni.com\/pl\/wp-json\/wp\/v2\/product_tag?post=6086"}],"curies":[{"name":"wp","href":"https:\/\/api.w.org\/{rel}","templated":true}]}}