{"id":6088,"date":"2021-11-17T16:16:46","date_gmt":"2021-11-17T14:16:46","guid":{"rendered":"https:\/\/berdtoni.com\/?post_type=product&#038;p=6088"},"modified":"2023-10-25T14:36:36","modified_gmt":"2023-10-25T11:36:36","slug":"kostyum-20111-3","status":"publish","type":"product","link":"https:\/\/berdtoni.com\/pl\/produkt\/kostyum-20111-3\/","title":{"rendered":"Pozew 20111\/3"},"content":{"rendered":"","protected":false},"excerpt":{"rendered":"<p><strong>Mieszanina:<\/strong> 28% bawe\u0142na, 70% wiskoza, 2% elastan <strong>Zakres rozmiar\u00f3w:\u00a0 <\/strong>42-48<\/p>\n<p style=\"text-align: justify;\">\u015awietny wygl\u0105d ka\u017cdego dnia, niezale\u017cnie od tego, gdzie jeste\u015b w pracy czy w domu, to marzenie ka\u017cdej kobiety. Panie pracuj\u0105ce w bran\u017cy medycznej nie s\u0105 wyj\u0105tkiem. Stylowy wizerunek personelu kliniki, naturalne pragnienie w\u0142a\u015bcicieli plac\u00f3wek medycznych. Przyjemny i elegancki wygl\u0105d lekarza cieszy oko pacjenta, \u0142agodzi napi\u0119cie.<\/p>\n<p style=\"text-align: justify;\">Teraz \u0142atwo kupi\u0107 modny kombinezon medyczny. Sklep internetowy MioMed prezentuje kolekcje na ka\u017cdy gust, w r\u00f3\u017cnych rozmiarach i kolorach. \u0141\u0105czy wszystkie modele wyrafinowane, a jednocze\u015bnie surowy wygl\u0105d, praktyczno\u015b\u0107 i funkcjonalno\u015b\u0107, styl.<\/p>\n<p style=\"text-align: justify;\">Niebieski kombinezon prze\u0142amuje tradycyjne poj\u0119cie mundur\u00f3w medycznych. Str\u00f3j ten podkre\u015bla figur\u0119, zachowuj\u0105c przy tym formalny styl. Bluzka z du\u017cymi i ma\u0142ymi kieszeniami oraz spodnie skinny, r\u00f3wnie\u017c z du\u017cymi kieszeniami, zosta\u0142y zaprojektowane specjalnie dla wygody lekarzy. Kombinezon nie kr\u0119puje ruch\u00f3w, dzi\u0119ki czemu mo\u017cesz zachowa\u0107 mobilno\u015b\u0107 przez ca\u0142y dzie\u0144.<\/p>\n<p style=\"text-align: justify;\">Model uszyty jest z najwy\u017cszej jako\u015bci dzianiny, naturalne komponenty pozwalaj\u0105 cia\u0142u oddycha\u0107, jest przyjemny w dotyku, a syntetyczna cz\u0119\u015b\u0107 zapewnia \u0142atw\u0105 piel\u0119gnacj\u0119 i trwa\u0142o\u015b\u0107 produktu. Po prostu fajnie jest nosi\u0107 co\u015b takiego.<\/p>","protected":false},"featured_media":6154,"template":"","meta":[],"product_brand":[],"product_cat":[78,96],"product_tag":[108],"class_list":{"0":"post-6088","1":"product","2":"type-product","3":"status-publish","4":"has-post-thumbnail","6":"product_cat-zhenskaya-mediczinskaya-odezhda","7":"product_cat-odezhda-dlya-salonov-krasoty-i-kabinetov","8":"product_tag-miomed","10":"first","11":"instock","12":"taxable","13":"shipping-taxable","14":"purchasable","15":"product-type-simple","16":"customify-col","17":"product-has-gallery"},"_links":{"self":[{"href":"https:\/\/berdtoni.com\/pl\/wp-json\/wp\/v2\/product\/6088","targetHints":{"allow":["GET"]}}],"collection":[{"href":"https:\/\/berdtoni.com\/pl\/wp-json\/wp\/v2\/product"}],"about":[{"href":"https:\/\/berdtoni.com\/pl\/wp-json\/wp\/v2\/types\/product"}],"wp:featuredmedia":[{"embeddable":true,"href":"https:\/\/berdtoni.com\/pl\/wp-json\/wp\/v2\/media\/6154"}],"wp:attachment":[{"href":"https:\/\/berdtoni.com\/pl\/wp-json\/wp\/v2\/media?parent=6088"}],"wp:term":[{"taxonomy":"product_brand","embeddable":true,"href":"https:\/\/berdtoni.com\/pl\/wp-json\/wp\/v2\/product_brand?post=6088"},{"taxonomy":"product_cat","embeddable":true,"href":"https:\/\/berdtoni.com\/pl\/wp-json\/wp\/v2\/product_cat?post=6088"},{"taxonomy":"product_tag","embeddable":true,"href":"https:\/\/berdtoni.com\/pl\/wp-json\/wp\/v2\/product_tag?post=6088"}],"curies":[{"name":"wp","href":"https:\/\/api.w.org\/{rel}","templated":true}]}}