{"id":6090,"date":"2021-11-17T16:16:46","date_gmt":"2021-11-17T14:16:46","guid":{"rendered":"https:\/\/berdtoni.com\/?post_type=product&#038;p=6090"},"modified":"2023-10-25T14:36:36","modified_gmt":"2023-10-25T11:36:36","slug":"kostyum-20111-4","status":"publish","type":"product","link":"https:\/\/berdtoni.com\/pl\/produkt\/kostyum-20111-4\/","title":{"rendered":"Pozew 20111\/4"},"content":{"rendered":"","protected":false},"excerpt":{"rendered":"<p><strong>Mieszanina:<\/strong> 28% bawe\u0142na, 70% wiskoza, 2% elastan <strong>Zakres rozmiar\u00f3w:\u00a0 <\/strong>42-48<\/p>\n<p style=\"text-align: justify;\">Nowoczesne trendy w projektowaniu mody zdobywaj\u0105 popularno\u015b\u0107 we wszystkich przejawach mody. Dotycz\u0105 one nie tylko codziennego wygl\u0105du kobiet i m\u0119\u017cczyzn, ale tak\u017ce ca\u0142kowicie konserwatywnej formy specjalistycznej. Zwyk\u0142e, bia\u0142e, niemal bezkszta\u0142tne ubrania robocze dla pracownik\u00f3w medycznych to ju\u017c przesz\u0142o\u015b\u0107, a stylowe garnitury szybko zajmuj\u0105 ich miejsce. Personel kliniki mo\u017ce teraz wygl\u0105da\u0107 szykownie i zachwyca\u0107 swoim wygl\u0105dem.<\/p>\n<p style=\"text-align: justify;\">W naszej nowej kolekcji mo\u017cesz wybra\u0107 i kupi\u0107 kombinezon medyczny w rozmiarach od 42 do 54, a modele te b\u0119d\u0105 idealnie pasowa\u0107 do ka\u017cdej sylwetki. Z jednej strony surowy kr\u00f3j sprawia wra\u017cenie oficjalnego stroju, z drugiej str\u00f3j do pracy podkre\u015bla kobieco\u015b\u0107 i styl.<\/p>\n<p style=\"text-align: justify;\">Ten model casualowego garnituru dla personelu medycznego uszyty jest z ciemnozielonej tkaniny. Bluzka z kr\u00f3tkimi r\u0119kawami i dekoltem V podkre\u015bla g\u0142adko\u015b\u0107 linii ramion. Pasek z przodu pozwala ukry\u0107 mankamenty figury. Uko\u015bne kieszenie zapinane na zamek i lekko dopasowany kr\u00f3j podkre\u015blaj\u0105 delikatn\u0105 krzywizn\u0119 talii. Zw\u0119\u017cane spodnie le\u017c\u0105 lu\u017ano, zapewniaj\u0105c swobod\u0119 ruch\u00f3w. Nogawki zdobi uko\u015bna wstawka w paski oraz subtelny \u015bci\u0105gacz.<\/p>","protected":false},"featured_media":6157,"template":"","meta":[],"product_brand":[],"product_cat":[78,96],"product_tag":[108],"class_list":{"0":"post-6090","1":"product","2":"type-product","3":"status-publish","4":"has-post-thumbnail","6":"product_cat-zhenskaya-mediczinskaya-odezhda","7":"product_cat-odezhda-dlya-salonov-krasoty-i-kabinetov","8":"product_tag-miomed","10":"first","11":"instock","12":"taxable","13":"shipping-taxable","14":"purchasable","15":"product-type-simple","16":"customify-col","17":"product-has-gallery"},"_links":{"self":[{"href":"https:\/\/berdtoni.com\/pl\/wp-json\/wp\/v2\/product\/6090","targetHints":{"allow":["GET"]}}],"collection":[{"href":"https:\/\/berdtoni.com\/pl\/wp-json\/wp\/v2\/product"}],"about":[{"href":"https:\/\/berdtoni.com\/pl\/wp-json\/wp\/v2\/types\/product"}],"wp:featuredmedia":[{"embeddable":true,"href":"https:\/\/berdtoni.com\/pl\/wp-json\/wp\/v2\/media\/6157"}],"wp:attachment":[{"href":"https:\/\/berdtoni.com\/pl\/wp-json\/wp\/v2\/media?parent=6090"}],"wp:term":[{"taxonomy":"product_brand","embeddable":true,"href":"https:\/\/berdtoni.com\/pl\/wp-json\/wp\/v2\/product_brand?post=6090"},{"taxonomy":"product_cat","embeddable":true,"href":"https:\/\/berdtoni.com\/pl\/wp-json\/wp\/v2\/product_cat?post=6090"},{"taxonomy":"product_tag","embeddable":true,"href":"https:\/\/berdtoni.com\/pl\/wp-json\/wp\/v2\/product_tag?post=6090"}],"curies":[{"name":"wp","href":"https:\/\/api.w.org\/{rel}","templated":true}]}}