{"id":6108,"date":"2021-11-17T16:17:12","date_gmt":"2021-11-17T14:17:12","guid":{"rendered":"https:\/\/berdtoni.com\/?post_type=product&#038;p=6108"},"modified":"2022-09-18T21:54:29","modified_gmt":"2022-09-18T18:54:29","slug":"zhilet-20121","status":"publish","type":"product","link":"https:\/\/berdtoni.com\/pl\/produkt\/zhilet-20121\/","title":{"rendered":"Kamizelka 20121"},"content":{"rendered":"","protected":false},"excerpt":{"rendered":"<p><strong>Mieszanina:<\/strong> 28% bawe\u0142na, 70% wiskoza, 2% elastan<br \/>\n<strong>Zakres rozmiar\u00f3w:\u00a0 <\/strong>42-54<\/p>\n<p style=\"text-align: justify;\">Odzie\u017c robocza pracownik\u00f3w medycznych obejmuje lekk\u0105 sukni\u0119 zak\u0142adan\u0105 na zwyk\u0142e ubranie lub specjalny garnitur. Te rzeczy s\u0105 szyte z lekkich, cienkich tkanin. W zimnych porach roku, zw\u0142aszcza przy cz\u0119stej wentylacji, takie letnie ubrania mog\u0105 nie wystarczy\u0107, aby czu\u0107 si\u0119 komfortowo w ch\u0142odnym pomieszczeniu. Kurtka bez r\u0119kaw\u00f3w zapewni Ci ciep\u0142o, a jednocze\u015bnie pozwoli Ci zachowa\u0107 mobilno\u015b\u0107.<\/p>\n<p style=\"text-align: justify;\">Kamizelka medyczna b\u0119dzie wspania\u0142ym dodatkiem do standardowego stroju lekarza lub piel\u0119gniarki.Zakup jej poprzez wyb\u00f3r koloru i fasonu kombinezonu to doskona\u0142y wyb\u00f3r dla stylowej kobiety, kt\u00f3ra zawsze chce wygl\u0105da\u0107 elegancko. Mundur lekarza powinien by\u0107 modny.<\/p>\n<p style=\"text-align: justify;\">Kr\u00f3tka kamizelka w delikatnym r\u00f3\u017cowym, pastelowym odcieniu z szar\u0105 lam\u00f3wk\u0105 wok\u00f3\u0142 ko\u0142nierza i wzd\u0142u\u017c kraw\u0119dzi kieszeni jest pikowana w subtelny, ledwo zauwa\u017calny geometryczny wz\u00f3r. Zamek b\u0142yskawiczny sprawia, \u017ce jest wygodny i praktyczny. Dwie du\u017ce kieszenie zapewniaj\u0105 wolne r\u0119ce.<\/p>\n<p style=\"text-align: justify;\">Doskona\u0142a jako\u015b\u0107 tkaniny, z kt\u00f3rej uszyty jest model sprawia, \u017ce jest ciep\u0142y, a jednocze\u015bnie \u0142atwy w piel\u0119gnacji, doskonale nadaje si\u0119 do prania w pralce i szybko schnie. Ta rzecz b\u0119dzie trwa\u0107 d\u0142ugo, zachowuj\u0105c sw\u00f3j kszta\u0142t i kolor, sprawiaj\u0105c rado\u015b\u0107 w\u0142a\u015bcicielowi.<\/p>","protected":false},"featured_media":6173,"template":"","meta":[],"product_brand":[],"product_cat":[15],"product_tag":[105],"class_list":{"0":"post-6108","1":"product","2":"type-product","3":"status-publish","4":"has-post-thumbnail","6":"product_cat-arhiv-osen-zima","7":"product_tag-berdtoni","9":"first","10":"onbackorder","11":"taxable","12":"shipping-taxable","13":"product-type-simple","14":"customify-col","15":"product-has-gallery"},"_links":{"self":[{"href":"https:\/\/berdtoni.com\/pl\/wp-json\/wp\/v2\/product\/6108","targetHints":{"allow":["GET"]}}],"collection":[{"href":"https:\/\/berdtoni.com\/pl\/wp-json\/wp\/v2\/product"}],"about":[{"href":"https:\/\/berdtoni.com\/pl\/wp-json\/wp\/v2\/types\/product"}],"wp:featuredmedia":[{"embeddable":true,"href":"https:\/\/berdtoni.com\/pl\/wp-json\/wp\/v2\/media\/6173"}],"wp:attachment":[{"href":"https:\/\/berdtoni.com\/pl\/wp-json\/wp\/v2\/media?parent=6108"}],"wp:term":[{"taxonomy":"product_brand","embeddable":true,"href":"https:\/\/berdtoni.com\/pl\/wp-json\/wp\/v2\/product_brand?post=6108"},{"taxonomy":"product_cat","embeddable":true,"href":"https:\/\/berdtoni.com\/pl\/wp-json\/wp\/v2\/product_cat?post=6108"},{"taxonomy":"product_tag","embeddable":true,"href":"https:\/\/berdtoni.com\/pl\/wp-json\/wp\/v2\/product_tag?post=6108"}],"curies":[{"name":"wp","href":"https:\/\/api.w.org\/{rel}","templated":true}]}}