{"id":6124,"date":"2021-11-17T16:17:37","date_gmt":"2021-11-17T14:17:37","guid":{"rendered":"https:\/\/berdtoni.com\/?post_type=product&#038;p=6124"},"modified":"2022-09-18T21:54:28","modified_gmt":"2022-09-18T18:54:28","slug":"kostyum-20122","status":"publish","type":"product","link":"https:\/\/berdtoni.com\/pl\/produkt\/kostyum-20122\/","title":{"rendered":"Garnitur 20122"},"content":{"rendered":"","protected":false},"excerpt":{"rendered":"<p><strong>Mieszanina:<\/strong> 65% bawe\u0142na, 35% wiskoza.<br \/>\n<strong>Zakres rozmiar\u00f3w:\u00a0 <\/strong>42-54<\/p>\n<p style=\"text-align: justify;\">Zakup kombinezonu medycznego nie stanowi obecnie problemu. W sklepie internetowym MioMed lekarze-m\u0119\u017cczy\u017ani znajd\u0105 odzie\u017c robocz\u0105 o doskona\u0142ej jako\u015bci i stylowym kroju. Zaw\u00f3d lekarza zmusza cz\u0142owieka do sp\u0119dzania d\u0142ugiego czasu na nogach, wi\u0119c wygl\u0105d musi pozosta\u0107 doskona\u0142y przez ponad godzin\u0119.<\/p>\n<p style=\"text-align: justify;\">Dwucz\u0119\u015bciowy garnitur, sk\u0142adaj\u0105cy si\u0119 ze spodni i koszuli, jest idealny do pracy w ciep\u0142ym sezonie. Dekolt w kszta\u0142cie litery V nadaje stylizacji bardziej formalnego charakteru, dodaj\u0105c jej wyrafinowania i elegancji. Czarny kolor podkre\u015bla biznesowy styl i optycznie ukrywa mankamenty sylwetki. Przemy\u015blany lu\u017any kr\u00f3j nie kr\u0119puje ruch\u00f3w, dzi\u0119ki czemu lekarz mo\u017ce czu\u0107 si\u0119 komfortowo przez ca\u0142y czas.<\/p>\n<p style=\"text-align: justify;\">Sk\u0142ad tkaniny ma ogromne znaczenie dla wygodnej i wygodnej odzie\u017cy. Wysoka zawarto\u015b\u0107 naturalnej bawe\u0142ny sprawia, \u017ce tkanina jest przyjemna w dotyku, jednocze\u015bnie pozwalaj\u0105c cia\u0142u oddycha\u0107. Niewielka zawarto\u015b\u0107 syntetyk\u00f3w zapewnia \u0142atwo\u015b\u0107 piel\u0119gnacji, praktyczno\u015b\u0107 i trwa\u0142o\u015b\u0107 kombinezonu.<\/p>\n<p style=\"text-align: justify;\">Wygl\u0105d lekarza powinien by\u0107 zawsze schludny i elegancki, to budzi zaufanie do pacjenta, a sam lekarz poprawia humor i dodaje si\u0142 do swojej ci\u0119\u017ckiej pracy.<\/p>","protected":false},"featured_media":6180,"template":"","meta":[],"product_brand":[],"product_cat":[75],"product_tag":[105],"class_list":{"0":"post-6124","1":"product","2":"type-product","3":"status-publish","4":"has-post-thumbnail","6":"product_cat-arhiv-vesna-leto","7":"product_tag-berdtoni","9":"first","10":"onbackorder","11":"taxable","12":"shipping-taxable","13":"product-type-simple","14":"customify-col","15":"product-has-gallery"},"_links":{"self":[{"href":"https:\/\/berdtoni.com\/pl\/wp-json\/wp\/v2\/product\/6124","targetHints":{"allow":["GET"]}}],"collection":[{"href":"https:\/\/berdtoni.com\/pl\/wp-json\/wp\/v2\/product"}],"about":[{"href":"https:\/\/berdtoni.com\/pl\/wp-json\/wp\/v2\/types\/product"}],"wp:featuredmedia":[{"embeddable":true,"href":"https:\/\/berdtoni.com\/pl\/wp-json\/wp\/v2\/media\/6180"}],"wp:attachment":[{"href":"https:\/\/berdtoni.com\/pl\/wp-json\/wp\/v2\/media?parent=6124"}],"wp:term":[{"taxonomy":"product_brand","embeddable":true,"href":"https:\/\/berdtoni.com\/pl\/wp-json\/wp\/v2\/product_brand?post=6124"},{"taxonomy":"product_cat","embeddable":true,"href":"https:\/\/berdtoni.com\/pl\/wp-json\/wp\/v2\/product_cat?post=6124"},{"taxonomy":"product_tag","embeddable":true,"href":"https:\/\/berdtoni.com\/pl\/wp-json\/wp\/v2\/product_tag?post=6124"}],"curies":[{"name":"wp","href":"https:\/\/api.w.org\/{rel}","templated":true}]}}