{"id":6126,"date":"2021-11-17T16:17:37","date_gmt":"2021-11-17T14:17:37","guid":{"rendered":"https:\/\/berdtoni.com\/?post_type=product&#038;p=6126"},"modified":"2023-10-25T14:36:36","modified_gmt":"2023-10-25T11:36:36","slug":"kombinizon-20118-1","status":"publish","type":"product","link":"https:\/\/berdtoni.com\/pl\/produkt\/kombinizon-20118-1\/","title":{"rendered":"Kombinezon 20118\/1"},"content":{"rendered":"","protected":false},"excerpt":{"rendered":"<p><strong>Mieszanina:<\/strong> 32% bawe\u0142na, 53% wiskoza, 13% poliester, 2% elastan <strong>Zakres rozmiar\u00f3w:\u00a0 <\/strong>42-48<\/p>\n<p style=\"text-align: justify;\">Kombinezon pojawi\u0142 si\u0119 jako wygodny mundur dla robotnik\u00f3w i wojskowych i by\u0142 szeroko stosowany w lotnictwie. S\u0105 funkcjonalne i praktyczne, a ich wygl\u0105d jest zawsze schludny. Kombinezony medyczne sta\u0142y si\u0119 mo\u017cliwe dopiero w ostatnich latach, pracownicy klinik tradycyjnie u\u017cywali garnitur\u00f3w i fartuch\u00f3w, zaniedbuj\u0105c wygod\u0119 tego typu odzie\u017cy. Projektanci marki MioMed opracowali stylowy model, w kt\u00f3rym lekarze i piel\u0119gniarki b\u0119d\u0105 wygl\u0105da\u0107 elegancko i kobieco ka\u017cdego dnia swojej pracy.<\/p>\n<p style=\"text-align: justify;\">Kolekcja naszego sklepu internetowego prezentuje elegancki fason kombinezon\u00f3w dla pracownik\u00f3w kliniki. \u015awietnie prezentuje si\u0119 na kobietach w rozmiarze od 42 do 54, poniewa\u017c kr\u00f3j jest przemy\u015blany w najdrobniejszych szczeg\u00f3\u0142ach. Tr\u00f3jk\u0105tny dekolt ods\u0142ania delikatn\u0105 krzywizn\u0119 szyi i obojczyk\u00f3w. Tali\u0119 podkre\u015bla pasek z regulowanym sznurkiem. Funkcjonalne kieszenie znajduj\u0105 si\u0119 na piersi, biodrach, nogach, dzi\u0119ki czemu wszelkiego rodzaju narz\u0119dzia i inne drobiazgi b\u0119d\u0105 zawsze pod r\u0119k\u0105. Spodnie s\u0105 lekko zw\u0119\u017cane od g\u00f3ry do do\u0142u, ods\u0142aniaj\u0105c pi\u0119kno kobiecych n\u00f3g.<\/p>\n<p style=\"text-align: justify;\">Og\u00f3lna sylwetka modelu wyra\u017ca rygor, pozostawiaj\u0105c miejsce na kobiece wyrafinowanie. W takim garniturze nawet najci\u0119\u017cszy dzie\u0144 pracy minie w dobrym humorze.<\/p>","protected":false},"featured_media":6182,"template":"","meta":[],"product_brand":[],"product_cat":[78,96],"product_tag":[108],"class_list":{"0":"post-6126","1":"product","2":"type-product","3":"status-publish","4":"has-post-thumbnail","6":"product_cat-zhenskaya-mediczinskaya-odezhda","7":"product_cat-odezhda-dlya-salonov-krasoty-i-kabinetov","8":"product_tag-miomed","10":"first","11":"instock","12":"taxable","13":"shipping-taxable","14":"purchasable","15":"product-type-simple","16":"customify-col","17":"product-has-gallery"},"_links":{"self":[{"href":"https:\/\/berdtoni.com\/pl\/wp-json\/wp\/v2\/product\/6126","targetHints":{"allow":["GET"]}}],"collection":[{"href":"https:\/\/berdtoni.com\/pl\/wp-json\/wp\/v2\/product"}],"about":[{"href":"https:\/\/berdtoni.com\/pl\/wp-json\/wp\/v2\/types\/product"}],"wp:featuredmedia":[{"embeddable":true,"href":"https:\/\/berdtoni.com\/pl\/wp-json\/wp\/v2\/media\/6182"}],"wp:attachment":[{"href":"https:\/\/berdtoni.com\/pl\/wp-json\/wp\/v2\/media?parent=6126"}],"wp:term":[{"taxonomy":"product_brand","embeddable":true,"href":"https:\/\/berdtoni.com\/pl\/wp-json\/wp\/v2\/product_brand?post=6126"},{"taxonomy":"product_cat","embeddable":true,"href":"https:\/\/berdtoni.com\/pl\/wp-json\/wp\/v2\/product_cat?post=6126"},{"taxonomy":"product_tag","embeddable":true,"href":"https:\/\/berdtoni.com\/pl\/wp-json\/wp\/v2\/product_tag?post=6126"}],"curies":[{"name":"wp","href":"https:\/\/api.w.org\/{rel}","templated":true}]}}