{"id":6128,"date":"2021-11-17T16:17:37","date_gmt":"2021-11-17T14:17:37","guid":{"rendered":"https:\/\/berdtoni.com\/?post_type=product&#038;p=6128"},"modified":"2023-10-25T14:36:36","modified_gmt":"2023-10-25T11:36:36","slug":"kostyum-20117-3","status":"publish","type":"product","link":"https:\/\/berdtoni.com\/pl\/produkt\/kostyum-20117-3\/","title":{"rendered":"Pozew 20117\/3"},"content":{"rendered":"","protected":false},"excerpt":{"rendered":"<p><strong>Mieszanina:<\/strong> 28% bawe\u0142na, 70% wiskoza, 2% elastan <strong>Zakres rozmiar\u00f3w:\u00a0 <\/strong>42-48<\/p>\n<p style=\"text-align: justify;\">Dzi\u015b mundur personelu medycznego ma bardziej demokratyczny styl ni\u017c kilkana\u015bcie lat temu. Lekarze i piel\u0119gniarki staraj\u0105 si\u0119 wygl\u0105da\u0107 modnie i elegancko, ubrania zaprojektowane tak, aby podkre\u015bla\u0142y kobieco\u015b\u0107, jednocze\u015bnie pozostawiaj\u0105c profesjonalny dyskretny wizerunek profesjonalisty.<\/p>\n<p style=\"text-align: justify;\">Mundur lekarza ma swoj\u0105 specyfik\u0119, jak ka\u017cdy str\u00f3j roboczy. Powinien by\u0107 wygodny w kroju, uszyty z wysokiej jako\u015bci materia\u0142u, posiada\u0107 funkcjonalne kieszenie i \u0142atwy w piel\u0119gnacji, gdy\u017c wymaga cz\u0119stego prania. Wszystkie powy\u017csze wymagania s\u0105 realizowane w kolekcjach marki MioMed.<\/p>\n<p style=\"text-align: justify;\">Kupowanie kombinezonu medycznego jest teraz \u0142atwe. Model ten urzeka elegancj\u0105, zgrabn\u0105 sylwetk\u0105, przy jednoczesnym zachowaniu lakonicznej formy. Fason bluzki z paskiem z przodu ukryje wszelkie mo\u017cliwe mankamenty figury, pozostawiaj\u0105c wygl\u0105d g\u0142adkich linii kobiecej szyi, klatki piersiowej i talii. Prosta ozdoba z zamkami i przeszyciami dodaje modelowi elegancji. Wygody dodaj\u0105 du\u017ce p\u00f3\u0142okr\u0105g\u0142e kieszenie. Spodnie maj\u0105 prosty, klasyczny kr\u00f3j, a ich uzupe\u0142nieniem s\u0105 r\u00f3wnie\u017c cztery du\u017ce kieszenie z pionowym zamkiem na jednej nogawce. Integralno\u015b\u0107 obrazu nie wymaga dodatkowych element\u00f3w i dekoracji.<\/p>","protected":false},"featured_media":6185,"template":"","meta":[],"product_brand":[],"product_cat":[78,96],"product_tag":[108],"class_list":{"0":"post-6128","1":"product","2":"type-product","3":"status-publish","4":"has-post-thumbnail","6":"product_cat-zhenskaya-mediczinskaya-odezhda","7":"product_cat-odezhda-dlya-salonov-krasoty-i-kabinetov","8":"product_tag-miomed","10":"first","11":"instock","12":"taxable","13":"shipping-taxable","14":"purchasable","15":"product-type-simple","16":"customify-col","17":"product-has-gallery"},"_links":{"self":[{"href":"https:\/\/berdtoni.com\/pl\/wp-json\/wp\/v2\/product\/6128","targetHints":{"allow":["GET"]}}],"collection":[{"href":"https:\/\/berdtoni.com\/pl\/wp-json\/wp\/v2\/product"}],"about":[{"href":"https:\/\/berdtoni.com\/pl\/wp-json\/wp\/v2\/types\/product"}],"wp:featuredmedia":[{"embeddable":true,"href":"https:\/\/berdtoni.com\/pl\/wp-json\/wp\/v2\/media\/6185"}],"wp:attachment":[{"href":"https:\/\/berdtoni.com\/pl\/wp-json\/wp\/v2\/media?parent=6128"}],"wp:term":[{"taxonomy":"product_brand","embeddable":true,"href":"https:\/\/berdtoni.com\/pl\/wp-json\/wp\/v2\/product_brand?post=6128"},{"taxonomy":"product_cat","embeddable":true,"href":"https:\/\/berdtoni.com\/pl\/wp-json\/wp\/v2\/product_cat?post=6128"},{"taxonomy":"product_tag","embeddable":true,"href":"https:\/\/berdtoni.com\/pl\/wp-json\/wp\/v2\/product_tag?post=6128"}],"curies":[{"name":"wp","href":"https:\/\/api.w.org\/{rel}","templated":true}]}}