{"id":6148,"date":"2021-11-17T16:18:02","date_gmt":"2021-11-17T14:18:02","guid":{"rendered":"https:\/\/berdtoni.com\/?post_type=product&#038;p=6148"},"modified":"2022-09-18T21:54:28","modified_gmt":"2022-09-18T18:54:28","slug":"kostyum-20116","status":"publish","type":"product","link":"https:\/\/berdtoni.com\/pl\/produkt\/kostyum-20116\/","title":{"rendered":"Garnitur 20116"},"content":{"rendered":"","protected":false},"excerpt":{"rendered":"<p><strong>Mieszanina:<\/strong> Bawe\u0142na 64%, poliester 34%, elastan 2%.<br \/>\n<strong>Materia\u0142: <\/strong>Holenderska bawe\u0142na.<br \/>\n<strong>Zakres rozmiar\u00f3w:<\/strong>\u00a0 42-56<\/p>\n<p style=\"text-align: justify;\">Doskona\u0142y wygl\u0105d ka\u017cdego dnia to pragnienie ka\u017cdej kobiety. Dzi\u015b to marzenie staje si\u0119 rzeczywisto\u015bci\u0105 dla tych Pa\u0144, kt\u00f3rych zaw\u00f3d wymaga noszenia specjalistycznej odzie\u017cy. Marka MioMed dba o pracownik\u00f3w medycznych opracowuj\u0105c stylowy i elegancki uniform, w kt\u00f3rym ka\u017cda kobieta mo\u017ce poczu\u0107 si\u0119 zniewalaj\u0105ca.<\/p>\n<p style=\"text-align: justify;\">Decyduj\u0105c si\u0119 na zakup kombinezonu medycznego warto zwr\u00f3ci\u0107 uwag\u0119 na doskona\u0142y model w kolorze szarym. Zestaw ten podkre\u015bla elegancj\u0119, podkre\u015blaj\u0105c g\u0142adkie linie kobiecego cia\u0142a, zachowuj\u0105c przy tym surow\u0105 sylwetk\u0119. Modna bluzka ze \u015bredniej d\u0142ugo\u015bci r\u0119kawami dopasowuje si\u0119 do sylwetki. Wszyty pas podkre\u015bla delikatne kr\u0105g\u0142o\u015bci talii, a ko\u0142nierz z klapami w kszta\u0142cie litery V podkre\u015bla wdzi\u0119czn\u0105 kr\u0105g\u0142o\u015b\u0107 biustu. W razie potrzeby mo\u017cesz zamkn\u0105\u0107 istniej\u0105cy zamek b\u0142yskawiczny. Ca\u0142o\u015bci dope\u0142niaj\u0105 przyci\u0119te i zw\u0119\u017cane spodnie, biegn\u0105ce wzd\u0142u\u017c linii bioder, uzupe\u0142nione du\u017cymi funkcjonalnymi kieszeniami.<\/p>\n<p style=\"text-align: justify;\">Komplet uszyty jest z holenderskiej bawe\u0142ny z du\u017c\u0105 zawarto\u015bci\u0105 naturalnej bawe\u0142ny. Ta tkanina jest wysoce oddychaj\u0105ca i wygodna zar\u00f3wno w gor\u0105cych, jak i ch\u0142odnych warunkach. Opieka nad ni\u0105 jest prosta i nie wymaga du\u017cego wysi\u0142ku.<\/p>","protected":false},"featured_media":6197,"template":"","meta":[],"product_brand":[],"product_cat":[15],"product_tag":[105],"class_list":{"0":"post-6148","1":"product","2":"type-product","3":"status-publish","4":"has-post-thumbnail","6":"product_cat-arhiv-osen-zima","7":"product_tag-berdtoni","9":"first","10":"instock","11":"taxable","12":"shipping-taxable","13":"product-type-simple","14":"customify-col","15":"product-has-gallery"},"_links":{"self":[{"href":"https:\/\/berdtoni.com\/pl\/wp-json\/wp\/v2\/product\/6148","targetHints":{"allow":["GET"]}}],"collection":[{"href":"https:\/\/berdtoni.com\/pl\/wp-json\/wp\/v2\/product"}],"about":[{"href":"https:\/\/berdtoni.com\/pl\/wp-json\/wp\/v2\/types\/product"}],"wp:featuredmedia":[{"embeddable":true,"href":"https:\/\/berdtoni.com\/pl\/wp-json\/wp\/v2\/media\/6197"}],"wp:attachment":[{"href":"https:\/\/berdtoni.com\/pl\/wp-json\/wp\/v2\/media?parent=6148"}],"wp:term":[{"taxonomy":"product_brand","embeddable":true,"href":"https:\/\/berdtoni.com\/pl\/wp-json\/wp\/v2\/product_brand?post=6148"},{"taxonomy":"product_cat","embeddable":true,"href":"https:\/\/berdtoni.com\/pl\/wp-json\/wp\/v2\/product_cat?post=6148"},{"taxonomy":"product_tag","embeddable":true,"href":"https:\/\/berdtoni.com\/pl\/wp-json\/wp\/v2\/product_tag?post=6148"}],"curies":[{"name":"wp","href":"https:\/\/api.w.org\/{rel}","templated":true}]}}