{"id":6150,"date":"2021-11-17T16:18:02","date_gmt":"2021-11-17T14:18:02","guid":{"rendered":"https:\/\/berdtoni.com\/?post_type=product&#038;p=6150"},"modified":"2022-09-18T21:54:28","modified_gmt":"2022-09-18T18:54:28","slug":"halat-20126","status":"publish","type":"product","link":"https:\/\/berdtoni.com\/pl\/produkt\/halat-20126\/","title":{"rendered":"Szata 20126"},"content":{"rendered":"","protected":false},"excerpt":{"rendered":"<p><strong>Mieszanina:<\/strong> Bawe\u0142na 70%, poliester 30%.<br \/>\n<strong>Materia\u0142:\u00a0<\/strong>Holenderska bawe\u0142na.<br \/>\n<strong>Zakres rozmiar\u00f3w:<\/strong>\u00a0 42-56<\/p>\n<p style=\"text-align: justify;\">Bia\u0142a suknia lekarska obchodzi\u0142a ju\u017c sto pi\u0119\u0107dziesi\u0105t lat. Jako symboliczny str\u00f3j lekarza zacz\u0105\u0142 by\u0107 u\u017cywany dopiero w latach 70. XIX wieku. Od momentu narodzin atrybut ten przekszta\u0142ci\u0142 si\u0119 z bezkszta\u0142tnej peleryny okrywaj\u0105cej odzie\u017c wierzchni\u0105 w nowoczesn\u0105 eleganck\u0105 rzecz symbolizuj\u0105c\u0105 czysto\u015b\u0107 i szlachetny zaw\u00f3d. Dla lekarzy-m\u0119\u017cczyzn szlafrok, podobnie jak kiedy\u015b, jest tylko elementem wizerunku, podczas gdy modelki mog\u0105 s\u0142u\u017cy\u0107 jako samowystarczalny str\u00f3j.<\/p>\n<p style=\"text-align: justify;\">W sklepie internetowym MioMed \u0142atwo wybra\u0107 i kupi\u0107 fartuch medyczny, kt\u00f3ry w przeciwie\u0144stwie do swojego dalekiego przodka b\u0119dzie idealnie uk\u0142ada\u0142 si\u0119 na sylwetce, podkre\u015blaj\u0105c kobieco\u015b\u0107 i elegancj\u0119 w\u0142a\u015bcicielki. Ka\u017cda dama stara si\u0119 wygl\u0105da\u0107 niesamowicie, a je\u015bli praca wymaga specjalnego ubrania, to musi by\u0107 super stylowa.<\/p>\n<p style=\"text-align: justify;\">Nasi projektanci stworzyli wspania\u0142y model, kt\u00f3ry zachwyca niezwyk\u0142\u0105 prostot\u0105 i uosabia kobieco\u015b\u0107. Lakoniczny kr\u00f3j ze st\u00f3jk\u0105 ozdobiony jest jedynie rz\u0119dem parowanych guzik\u00f3w i ma\u0142\u0105 kieszonk\u0105 na piersi. W sylwetce linia talii jest podkre\u015blona cienk\u0105 lini\u0105 szwu i lekko rozchodzi si\u0119 w d\u00f3\u0142 w okolicy bioder. Na tym obrazie rygor i wdzi\u0119k \u0142\u0105cz\u0105 si\u0119 z nienagann\u0105 elegancj\u0105.<\/p>","protected":false},"featured_media":6199,"template":"","meta":[],"product_brand":[],"product_cat":[15],"product_tag":[105],"class_list":{"0":"post-6150","1":"product","2":"type-product","3":"status-publish","4":"has-post-thumbnail","6":"product_cat-arhiv-osen-zima","7":"product_tag-berdtoni","9":"first","10":"instock","11":"taxable","12":"shipping-taxable","13":"product-type-simple","14":"customify-col","15":"product-has-gallery"},"_links":{"self":[{"href":"https:\/\/berdtoni.com\/pl\/wp-json\/wp\/v2\/product\/6150","targetHints":{"allow":["GET"]}}],"collection":[{"href":"https:\/\/berdtoni.com\/pl\/wp-json\/wp\/v2\/product"}],"about":[{"href":"https:\/\/berdtoni.com\/pl\/wp-json\/wp\/v2\/types\/product"}],"wp:featuredmedia":[{"embeddable":true,"href":"https:\/\/berdtoni.com\/pl\/wp-json\/wp\/v2\/media\/6199"}],"wp:attachment":[{"href":"https:\/\/berdtoni.com\/pl\/wp-json\/wp\/v2\/media?parent=6150"}],"wp:term":[{"taxonomy":"product_brand","embeddable":true,"href":"https:\/\/berdtoni.com\/pl\/wp-json\/wp\/v2\/product_brand?post=6150"},{"taxonomy":"product_cat","embeddable":true,"href":"https:\/\/berdtoni.com\/pl\/wp-json\/wp\/v2\/product_cat?post=6150"},{"taxonomy":"product_tag","embeddable":true,"href":"https:\/\/berdtoni.com\/pl\/wp-json\/wp\/v2\/product_tag?post=6150"}],"curies":[{"name":"wp","href":"https:\/\/api.w.org\/{rel}","templated":true}]}}