{"id":6166,"date":"2021-11-17T16:18:27","date_gmt":"2021-11-17T14:18:27","guid":{"rendered":"https:\/\/berdtoni.com\/?post_type=product&#038;p=6166"},"modified":"2022-09-18T21:54:28","modified_gmt":"2022-09-18T18:54:28","slug":"kostyum-20129","status":"publish","type":"product","link":"https:\/\/berdtoni.com\/pl\/produkt\/kostyum-20129\/","title":{"rendered":"Garnitur 20129"},"content":{"rendered":"","protected":false},"excerpt":{"rendered":"<p><strong>Mieszanina:<\/strong> Bawe\u0142na 70%, poliester 30%.<br \/>\n<strong>Materia\u0142:<\/strong> Holenderska bawe\u0142na.<br \/>\n<strong>Zakres rozmiar\u00f3w:<\/strong> 42-56<\/p>\n<p style=\"text-align: justify;\">Sklep internetowy MioMed prezentuje kolekcje stylowej odzie\u017cy dla personelu medycznego przychodni i szpitali. Nasi projektanci opracowuj\u0105 modele uwzgl\u0119dniaj\u0105c najnowsze trendy modowe, specyfik\u0119 pracy lekarzy oraz ich wygod\u0119 w praktycznym u\u017cytkowaniu. G\u0142\u00f3wnym zadaniem projektant\u00f3w mody jest nadanie pracownikom kobiecego i eleganckiego wygl\u0105du, przy jednoczesnym tworzeniu wygodnych i wysokiej jako\u015bci stroj\u00f3w.<\/p>\n<p style=\"text-align: justify;\">Na pierwszy rzut oka zakup kombinezonu medycznego nie jest trudnym zadaniem, jednak tak jak w przypadku ka\u017cdego innego elementu garderoby, fason powinien pasowa\u0107 do sylwetki i podkre\u015bla\u0107 urok posiadacza. Nasz znak firmowy oferuje wspania\u0142\u0105 sylwetk\u0119 dwucz\u0119\u015bciowych spodni, kt\u00f3rych sylwetka nadaje sylwetce dynamik\u0119 i energi\u0119, pozostawiaj\u0105c jednocze\u015bnie miejsce na dyskretn\u0105 finezj\u0119.<\/p>\n<p style=\"text-align: justify;\">G\u00f3rn\u0105 cz\u0119\u015b\u0107 reprezentuje bluzka z kr\u00f3tkimi r\u0119kawami, si\u0119gaj\u0105ca d\u0142ugo\u015bci\u0105 do po\u0142owy uda. Lekka wst\u0105\u017cka w pasku podkre\u015bla tali\u0119. Uko\u015bna plisa przechodz\u0105ca przez bluzk\u0119 od ramienia w d\u00f3\u0142 zdobi i upi\u0119ksza lakoniczny styl. Dwie du\u017ce kieszenie pozwol\u0105 mie\u0107 wszystkie niezb\u0119dne drobiazgi pod r\u0119k\u0105. Uzupe\u0142nieniem kompozycji s\u0105 spodnie skinny z lekkimi wstawkami po bokach. Swobodnie uk\u0142adaj\u0105 si\u0119 na biodrach optycznie wyd\u0142u\u017caj\u0105c nogi.<\/p>","protected":false},"featured_media":6205,"template":"","meta":[],"product_brand":[],"product_cat":[15],"product_tag":[105],"class_list":{"0":"post-6166","1":"product","2":"type-product","3":"status-publish","4":"has-post-thumbnail","6":"product_cat-arhiv-osen-zima","7":"product_tag-berdtoni","9":"first","10":"instock","11":"taxable","12":"shipping-taxable","13":"product-type-simple","14":"customify-col","15":"product-has-gallery"},"_links":{"self":[{"href":"https:\/\/berdtoni.com\/pl\/wp-json\/wp\/v2\/product\/6166","targetHints":{"allow":["GET"]}}],"collection":[{"href":"https:\/\/berdtoni.com\/pl\/wp-json\/wp\/v2\/product"}],"about":[{"href":"https:\/\/berdtoni.com\/pl\/wp-json\/wp\/v2\/types\/product"}],"wp:featuredmedia":[{"embeddable":true,"href":"https:\/\/berdtoni.com\/pl\/wp-json\/wp\/v2\/media\/6205"}],"wp:attachment":[{"href":"https:\/\/berdtoni.com\/pl\/wp-json\/wp\/v2\/media?parent=6166"}],"wp:term":[{"taxonomy":"product_brand","embeddable":true,"href":"https:\/\/berdtoni.com\/pl\/wp-json\/wp\/v2\/product_brand?post=6166"},{"taxonomy":"product_cat","embeddable":true,"href":"https:\/\/berdtoni.com\/pl\/wp-json\/wp\/v2\/product_cat?post=6166"},{"taxonomy":"product_tag","embeddable":true,"href":"https:\/\/berdtoni.com\/pl\/wp-json\/wp\/v2\/product_tag?post=6166"}],"curies":[{"name":"wp","href":"https:\/\/api.w.org\/{rel}","templated":true}]}}