{"id":6168,"date":"2021-11-17T16:18:27","date_gmt":"2021-11-17T14:18:27","guid":{"rendered":"https:\/\/berdtoni.com\/?post_type=product&#038;p=6168"},"modified":"2022-09-18T21:54:28","modified_gmt":"2022-09-18T18:54:28","slug":"kostyum-20161","status":"publish","type":"product","link":"https:\/\/berdtoni.com\/pl\/produkt\/kostyum-20161\/","title":{"rendered":"Garnitur 20161"},"content":{"rendered":"","protected":false},"excerpt":{"rendered":"<p><strong>Mieszanina:<\/strong> Bawe\u0142na 64%, poliester 34%, elastan 2%.<br \/>\n<strong>Materia\u0142:<\/strong> Holenderska bawe\u0142na.<br \/>\n<strong>Zakres rozmiar\u00f3w:<\/strong> 42-56<\/p>\n<p style=\"text-align: justify;\">Sta\u0142o si\u0119 mo\u017cliwe zakupienie kombinezonu medycznego, w kt\u00f3rym kobieta wygl\u0105da\u0142aby elegancko i wytwornie. Sklep internetowy MioMed oferuje \u015bwietne uniformy dla personelu kliniki. Nasze modele s\u0105 opracowywane przez projektant\u00f3w z uwzgl\u0119dnieniem specyfiki pracy lekarzy, s\u0105 uszyte z wysokiej jako\u015bci tkanin i prezentuj\u0105 si\u0119 stylowo.<\/p>\n<p style=\"text-align: justify;\">Cudowny str\u00f3j do spodni w kolorze g\u0142\u0119bokiego fioletu rozja\u015bni szar\u0105 codzienno\u015b\u0107 i nada lekarzowi kobiecego wdzi\u0119ku. Lekki garnitur sk\u0142ada si\u0119 z bluzki si\u0119gaj\u0105cej do po\u0142owy uda. Wszyty kr\u00f3tki r\u0119kaw wsp\u00f3\u0142gra z g\u0142adkim owalem dekoltu. Wzd\u0142u\u017c linii piersi, tworz\u0105cych k\u0105t 90 stopni, bluzk\u0119 zdobi\u0105 trzy linie przeszycia. Ten prosty geometryczny wz\u00f3r oddaje najnowsze trendy w modzie, zachowuj\u0105c jednocze\u015bnie czysty, biznesowy wygl\u0105d. Jedna kiesze\u0144 ze zwi\u0119z\u0142ym guzikiem dope\u0142nia ca\u0142o\u015bci. Zw\u0119\u017cane ku do\u0142owi i lekko przyci\u0119te spodnie zako\u0144czone s\u0105 cienkim \u015bci\u0105gaczem. Spodnie zapinane s\u0105 na suwak i guzik.<\/p>\n<p style=\"text-align: justify;\">Model uszyty jest z wysokiej jako\u015bci dzianiny, przyjemnie i komfortowo si\u0119 w nim pracuje. \u0141atwo\u015b\u0107 piel\u0119gnacji pozwoli zaoszcz\u0119dzi\u0107 cenny wolny czas. Taki garnitur b\u0119dzie s\u0142u\u017cy\u0142 przez d\u0142ugi czas, sprawiaj\u0105c przyjemno\u015b\u0107 w\u0142a\u015bcicielowi.<\/p>","protected":false},"featured_media":6208,"template":"","meta":[],"product_brand":[],"product_cat":[15],"product_tag":[105],"class_list":{"0":"post-6168","1":"product","2":"type-product","3":"status-publish","4":"has-post-thumbnail","6":"product_cat-arhiv-osen-zima","7":"product_tag-berdtoni","9":"first","10":"instock","11":"taxable","12":"shipping-taxable","13":"product-type-simple","14":"customify-col","15":"product-has-gallery"},"_links":{"self":[{"href":"https:\/\/berdtoni.com\/pl\/wp-json\/wp\/v2\/product\/6168","targetHints":{"allow":["GET"]}}],"collection":[{"href":"https:\/\/berdtoni.com\/pl\/wp-json\/wp\/v2\/product"}],"about":[{"href":"https:\/\/berdtoni.com\/pl\/wp-json\/wp\/v2\/types\/product"}],"wp:featuredmedia":[{"embeddable":true,"href":"https:\/\/berdtoni.com\/pl\/wp-json\/wp\/v2\/media\/6208"}],"wp:attachment":[{"href":"https:\/\/berdtoni.com\/pl\/wp-json\/wp\/v2\/media?parent=6168"}],"wp:term":[{"taxonomy":"product_brand","embeddable":true,"href":"https:\/\/berdtoni.com\/pl\/wp-json\/wp\/v2\/product_brand?post=6168"},{"taxonomy":"product_cat","embeddable":true,"href":"https:\/\/berdtoni.com\/pl\/wp-json\/wp\/v2\/product_cat?post=6168"},{"taxonomy":"product_tag","embeddable":true,"href":"https:\/\/berdtoni.com\/pl\/wp-json\/wp\/v2\/product_tag?post=6168"}],"curies":[{"name":"wp","href":"https:\/\/api.w.org\/{rel}","templated":true}]}}