{"id":6246,"date":"2021-11-24T15:01:46","date_gmt":"2021-11-24T13:01:46","guid":{"rendered":"https:\/\/berdtoni.com\/?post_type=product&#038;p=6246"},"modified":"2023-02-28T13:44:57","modified_gmt":"2023-02-28T11:44:57","slug":"sharf-homut-1930-2","status":"publish","type":"product","link":"https:\/\/berdtoni.com\/pl\/produkt\/sharf-homut-1930-2\/","title":{"rendered":"Szalik z ko\u0142nierzem 1930"},"content":{"rendered":"","protected":false},"excerpt":{"rendered":"<p>W\u0142\u00f3kienniczy:<br \/>\n82% wiskoza,<br \/>\nPoliester 18%<\/p>","protected":false},"featured_media":6238,"template":"","meta":[],"product_brand":[],"product_cat":[75],"product_tag":[105],"class_list":{"0":"post-6246","1":"product","2":"type-product","3":"status-publish","4":"has-post-thumbnail","6":"product_cat-arhiv-vesna-leto","7":"product_tag-berdtoni","9":"first","10":"instock","11":"taxable","12":"shipping-taxable","13":"product-type-simple","14":"customify-col"},"_links":{"self":[{"href":"https:\/\/berdtoni.com\/pl\/wp-json\/wp\/v2\/product\/6246","targetHints":{"allow":["GET"]}}],"collection":[{"href":"https:\/\/berdtoni.com\/pl\/wp-json\/wp\/v2\/product"}],"about":[{"href":"https:\/\/berdtoni.com\/pl\/wp-json\/wp\/v2\/types\/product"}],"wp:featuredmedia":[{"embeddable":true,"href":"https:\/\/berdtoni.com\/pl\/wp-json\/wp\/v2\/media\/6238"}],"wp:attachment":[{"href":"https:\/\/berdtoni.com\/pl\/wp-json\/wp\/v2\/media?parent=6246"}],"wp:term":[{"taxonomy":"product_brand","embeddable":true,"href":"https:\/\/berdtoni.com\/pl\/wp-json\/wp\/v2\/product_brand?post=6246"},{"taxonomy":"product_cat","embeddable":true,"href":"https:\/\/berdtoni.com\/pl\/wp-json\/wp\/v2\/product_cat?post=6246"},{"taxonomy":"product_tag","embeddable":true,"href":"https:\/\/berdtoni.com\/pl\/wp-json\/wp\/v2\/product_tag?post=6246"}],"curies":[{"name":"wp","href":"https:\/\/api.w.org\/{rel}","templated":true}]}}